{"id":9,"date":"2025-03-05T15:59:49","date_gmt":"2025-03-05T14:59:49","guid":{"rendered":"https:\/\/www.feelingfelin.be\/feelingfelin.be\/?page_id=9"},"modified":"2026-04-02T10:05:19","modified_gmt":"2026-04-02T08:05:19","slug":"contact-2","status":"publish","type":"page","link":"https:\/\/www.feelingfelin.be\/feelingfelin.be\/?page_id=9","title":{"rendered":"Contact"},"content":{"rendered":"\n<div class=\"wp-block-group has-global-padding is-layout-constrained wp-block-group-is-layout-constrained\">\n<div class=\"wp-block-columns are-vertically-aligned-top is-layout-flex wp-container-core-columns-is-layout-d7d455e7 wp-block-columns-is-layout-flex\" style=\"padding-top:0;padding-right:0;padding-bottom:0;padding-left:0\">\n<div class=\"wp-block-column is-vertically-aligned-top is-layout-flow wp-block-column-is-layout-flow\" style=\"padding-right:7%;flex-basis:50%\">\n<p><\/p>\n\n\n\n<h2 class=\"wp-block-heading has-large-font-size\">Pr\u00eat \u00e0 vous lancer ?<\/h2>\n\n\n\n<div class=\"wp-block-group is-nowrap is-layout-flex wp-container-core-group-is-layout-6c531013 wp-block-group-is-layout-flex\">\n<div class=\"wp-block-buttons is-content-justification-center is-layout-flex wp-container-core-buttons-is-layout-a89b3969 wp-block-buttons-is-layout-flex\">\n<div class=\"wp-block-button\"><a class=\"wp-block-button__link wp-element-button\" href=\"https:\/\/zcal.co\/feelingfelin\">Prendre rendez-vous<\/a><\/div>\n<\/div>\n\n\n\n<p><br><\/p>\n<\/div>\n<\/div>\n<\/div>\n\n\n\n<div style=\"height:135px\" aria-hidden=\"true\" class=\"wp-block-spacer\"><\/div>\n<\/div>\n\n\n\n<div class=\"wp-block-group alignfull has-global-padding is-layout-constrained wp-container-core-group-is-layout-19e250f3 wp-block-group-is-layout-constrained\">\n<div class=\"wp-block-columns alignfull are-vertically-aligned-center has-light-background-background-color has-background is-layout-flex wp-container-core-columns-is-layout-dd282781 wp-block-columns-is-layout-flex\" style=\"padding-top:0;padding-right:0;padding-bottom:0;padding-left:0\">\n<div class=\"wp-block-column is-vertically-aligned-center map-grayscale is-layout-flow wp-block-column-is-layout-flow\" style=\"flex-basis:50%\">\n<figure class=\"wp-block-image size-large\"><img loading=\"lazy\" decoding=\"async\" width=\"1024\" height=\"574\" src=\"https:\/\/www.feelingfelin.be\/feelingfelin.be\/wp-content\/uploads\/2025\/03\/vecteezy_adorable-kitten-sleeping-on-smartphone-cute-tabby-cat_55504861-1-1024x574.jpeg\" alt=\"\" class=\"wp-image-65\" srcset=\"https:\/\/www.feelingfelin.be\/feelingfelin.be\/wp-content\/uploads\/2025\/03\/vecteezy_adorable-kitten-sleeping-on-smartphone-cute-tabby-cat_55504861-1-1024x574.jpeg 1024w, https:\/\/www.feelingfelin.be\/feelingfelin.be\/wp-content\/uploads\/2025\/03\/vecteezy_adorable-kitten-sleeping-on-smartphone-cute-tabby-cat_55504861-1-300x168.jpeg 300w, https:\/\/www.feelingfelin.be\/feelingfelin.be\/wp-content\/uploads\/2025\/03\/vecteezy_adorable-kitten-sleeping-on-smartphone-cute-tabby-cat_55504861-1-2000x1121.jpeg 2000w\" sizes=\"auto, (max-width: 1024px) 100vw, 1024px\" \/><\/figure>\n<\/div>\n\n\n\n<div class=\"wp-block-column is-vertically-aligned-center is-layout-flow wp-block-column-is-layout-flow\" style=\"padding-top:var(--wp--preset--spacing--small);padding-right:var(--wp--preset--spacing--small);padding-bottom:var(--wp--preset--spacing--small);padding-left:2%;flex-basis:50%\">\n<h3 class=\"wp-block-heading has-large-font-size\">Comment me contacter ? <\/h3>\n\n\n\n<h3 class=\"wp-block-heading\">Horaires<\/h3>\n\n\n\n<p>Du lundi au vendredi de 17h30 \u00e0 19h30<\/p>\n\n\n\n<p>Samedi de 11h00 \u00e0 18h00<\/p>\n\n\n\n<h3 class=\"wp-block-heading\"><strong>Email<\/strong><\/h3>\n\n\n\n<p>info@feelingfelin.be<\/p>\n\n\n\n<p><strong>En indiquant :<\/strong><br>&#8211; Le motif de votre demande<br>&#8211; Votre num\u00e9ro de GSM<br>&#8211; Votre r\u00e9gion<\/p>\n\n\n\n<h3 class=\"wp-block-heading\">GSM VIA WHATSAPP UNIQUEMENT<\/h3>\n\n\n\n<p>0494\/23.01.99 <\/p>\n\n\n\n<p>Merci de me laisser un message \u00e9crit avec votre demande et j&rsquo;y r\u00e9pondrai d\u00e8s que possible.<\/p>\n<\/div>\n<\/div>\n<\/div>\n\n\n\n<div class=\"wp-block-group is-layout-flow wp-block-group-is-layout-flow\">\n<div class=\"wp-block-group is-layout-flow wp-block-group-is-layout-flow\">\n<div style=\"height:69px\" aria-hidden=\"true\" class=\"wp-block-spacer\"><\/div>\n\n\n\n<div class=\"wp-block-columns is-layout-flex wp-container-core-columns-is-layout-28f84493 wp-block-columns-is-layout-flex\">\n<div class=\"wp-block-column is-layout-flow wp-block-column-is-layout-flow\">\n<p class=\"has-text-align-left has-text-color\" style=\"color:#0bb4aa\"><\/p>\n\n\n\n<h2 class=\"wp-block-heading has-text-align-left has-large-font-size\">Informations<\/h2>\n\n\n\n<div class=\"wp-block-columns is-layout-flex wp-container-core-columns-is-layout-28f84493 wp-block-columns-is-layout-flex\">\n<div class=\"wp-block-column is-layout-flow wp-block-column-is-layout-flow\"><\/div>\n<\/div>\n\n\n\n<p>Je me d\u00e9place dans toute la <strong>province de Li\u00e8ge<\/strong>.<\/p>\n\n\n\n<p>Au del\u00e0 de 20 kilom\u00e8tres aller-retour de mon domicile, je vous propose une consultation en visioconf\u00e9rence ou des frais de d\u00e9placement suppl\u00e9mentaires (0,50 centimes d&rsquo;euros par kilom\u00e8tre).<\/p>\n\n\n\n<p><strong>Moyens de paiements :<\/strong> Esp\u00e8ces ou payconiq. <\/p>\n\n\n\n<p><strong>Conditions d&rsquo;annulation :<\/strong> la consultation peut \u00eatre annul\u00e9e jusqu&rsquo;\u00e0 48 heures avant le rendez-vous. Toute annulation de moins de 48 heures vous sera due. <\/p>\n<\/div>\n\n\n\n<div class=\"wp-block-column is-layout-flow wp-block-column-is-layout-flow\">\n<figure class=\"wp-block-image size-large\"><img decoding=\"async\" src=\"https:\/\/www.feelingfelin.be\/feelingfelin.be\/wp-content\/themes\/inspiro\/assets\/images\/map.png\" alt=\"\" class=\"wp-image-5640\"\/><\/figure>\n<\/div>\n<\/div>\n\n\n\n<div style=\"height:52px\" aria-hidden=\"true\" class=\"wp-block-spacer\"><\/div>\n<\/div>\n<\/div>\n\n\n\n<div class=\"wp-block-group has-global-padding is-layout-constrained wp-block-group-is-layout-constrained\">\n<div style=\"height:45px\" aria-hidden=\"true\" class=\"wp-block-spacer\"><\/div>\n<\/div>\n\n\n\n<h2 class=\"wp-block-heading\">Inscrivez-vous \u00e0 ma newsletter et recevez un mini-guide gratuit !<\/h2>\n\n\n\n<p><\/p>\n\n\n\n<div class=\"wp-block-group is-nowrap is-layout-flex wp-container-core-group-is-layout-6c531013 wp-block-group-is-layout-flex\">\n<div class=\"wp-block-buttons is-content-justification-center is-layout-flex wp-container-core-buttons-is-layout-a89b3969 wp-block-buttons-is-layout-flex\">\n<div class=\"wp-block-button\"><a class=\"wp-block-button__link wp-element-button\" href=\"https:\/\/036829a0.sibforms.com\/serve\/MUIFAOfEJ2OrM5gbAFUA-hjVTdfm3YgwP8JePpR7lY6aZgN6m1kWUM3HgfoDbjXyjHVZN4lkwOODWUhMHokrH_0lTZJo4glZCpahkTQSv_MDTigt3d8JyQmtFzcPw26kjqBXjZzDFFUKPA21dvZGmlkQGLIwrGCTRGn36xv4pYeJFphqk9Y3x2c6KCo8fK4qDFyujKfbI4EmW3uLHA==\">Je m&rsquo;inscris<\/a><\/div>\n<\/div>\n\n\n\n<p><br><\/p>\n<\/div>\n\n\n\n<p><\/p>\n","protected":false},"excerpt":{"rendered":"<p>Pr\u00eat \u00e0 vous lancer ? Comment me contacter ? Horaires Du lundi au vendredi de 17h30 \u00e0 19h30 Samedi de 11h00 \u00e0 18h00 Email info@feelingfelin.be En indiquant :&#8211; Le motif de votre demande&#8211; Votre num\u00e9ro de GSM&#8211; Votre r\u00e9gion GSM VIA WHATSAPP UNIQUEMENT 0494\/23.01.99 Merci de me laisser un message \u00e9crit avec votre demande et &hellip; <\/p>\n<p class=\"link-more\"><a href=\"https:\/\/www.feelingfelin.be\/feelingfelin.be\/?page_id=9\" class=\"more-link\">Lire la suite de<span class=\"screen-reader-text\">\u00ab\u00a0Contact\u00a0\u00bb<\/span><\/a><\/p>\n","protected":false},"author":1,"featured_media":54,"parent":0,"menu_order":0,"comment_status":"closed","ping_status":"closed","template":"","meta":{"footnotes":""},"class_list":["post-9","page","type-page","status-publish","has-post-thumbnail","hentry"],"_links":{"self":[{"href":"https:\/\/www.feelingfelin.be\/feelingfelin.be\/index.php?rest_route=\/wp\/v2\/pages\/9","targetHints":{"allow":["GET"]}}],"collection":[{"href":"https:\/\/www.feelingfelin.be\/feelingfelin.be\/index.php?rest_route=\/wp\/v2\/pages"}],"about":[{"href":"https:\/\/www.feelingfelin.be\/feelingfelin.be\/index.php?rest_route=\/wp\/v2\/types\/page"}],"author":[{"embeddable":true,"href":"https:\/\/www.feelingfelin.be\/feelingfelin.be\/index.php?rest_route=\/wp\/v2\/users\/1"}],"replies":[{"embeddable":true,"href":"https:\/\/www.feelingfelin.be\/feelingfelin.be\/index.php?rest_route=%2Fwp%2Fv2%2Fcomments&post=9"}],"version-history":[{"count":23,"href":"https:\/\/www.feelingfelin.be\/feelingfelin.be\/index.php?rest_route=\/wp\/v2\/pages\/9\/revisions"}],"predecessor-version":[{"id":301,"href":"https:\/\/www.feelingfelin.be\/feelingfelin.be\/index.php?rest_route=\/wp\/v2\/pages\/9\/revisions\/301"}],"wp:featuredmedia":[{"embeddable":true,"href":"https:\/\/www.feelingfelin.be\/feelingfelin.be\/index.php?rest_route=\/wp\/v2\/media\/54"}],"wp:attachment":[{"href":"https:\/\/www.feelingfelin.be\/feelingfelin.be\/index.php?rest_route=%2Fwp%2Fv2%2Fmedia&parent=9"}],"curies":[{"name":"wp","href":"https:\/\/api.w.org\/{rel}","templated":true}]}}