{"id":8,"date":"2025-03-05T15:59:49","date_gmt":"2025-03-05T14:59:49","guid":{"rendered":"https:\/\/www.feelingfelin.be\/feelingfelin.be\/?page_id=8"},"modified":"2026-03-27T13:57:16","modified_gmt":"2026-03-27T12:57:16","slug":"about","status":"publish","type":"page","link":"https:\/\/www.feelingfelin.be\/feelingfelin.be\/?page_id=8","title":{"rendered":"Qui suis-je ?"},"content":{"rendered":"\n<h2 class=\"wp-block-heading has-text-align-center has-tertiary-color has-text-color has-link-color has-large-font-size wp-elements-f5a6d92cc60a041f771896eab1b78262\" id=\"inspiro-is-a-digital-product-agency-that-focuses-on-strategy-and-design\" style=\"font-style:normal;font-weight:100\"><strong>Sherilyn Baltus &#8211; Comportementaliste f\u00e9lin<\/strong><\/h2>\n\n\n\n<div style=\"height:100px\" aria-hidden=\"true\" class=\"wp-block-spacer\"><\/div>\n\n\n\n<h3 class=\"wp-block-heading has-text-align-center has-large-font-size\" id=\"inspiro-is-a-digital-product-agency-that-focuses-on-strategy-and-desig\" style=\"font-style:normal;font-weight:300\">Mes formations<\/h3>\n\n\n\n<div class=\"wp-block-group has-global-padding is-layout-constrained wp-block-group-is-layout-constrained\">\n<div class=\"wp-block-media-text is-stacked-on-mobile is-vertically-aligned-center\" style=\"grid-template-columns:28% auto\"><figure class=\"wp-block-media-text__media\"><img loading=\"lazy\" decoding=\"async\" width=\"695\" height=\"864\" src=\"https:\/\/www.feelingfelin.be\/feelingfelin.be\/wp-content\/uploads\/2025\/09\/Chanel.png\" alt=\"\" class=\"wp-image-180 size-full\" srcset=\"https:\/\/www.feelingfelin.be\/feelingfelin.be\/wp-content\/uploads\/2025\/09\/Chanel.png 695w, https:\/\/www.feelingfelin.be\/feelingfelin.be\/wp-content\/uploads\/2025\/09\/Chanel-241x300.png 241w\" sizes=\"auto, (max-width: 695px) 100vw, 695px\" \/><\/figure><div class=\"wp-block-media-text__content\">\n<ul class=\"wp-block-list\">\n<li>2026 : Formation en premiers secours f\u00e9lin niveau 1 &amp; 2 &#8211; Lau&rsquo;secours &#8211; Laurie Michaux<\/li>\n\n\n\n<li>2024 &#8211; 2025 : Dipl\u00f4me en comportementaliste f\u00e9lin &#8211; Animal Behavior Center &#8211; Julie Willems<\/li>\n\n\n\n<li>2025 : Formation \u00ab\u00a0Le chat hyper\u00a0\u00bb &#8211; Dr Jo\u00ebl Dehasse<\/li>\n\n\n\n<li>2023 : Communication animale niveau 1 &#8211; Northern&rsquo;s Energy<\/li>\n<\/ul>\n\n\n\n<div class=\"wp-block-buttons is-layout-flex wp-block-buttons-is-layout-flex\">\n<div class=\"wp-block-button\"><a class=\"wp-block-button__link has-text-align-right wp-element-button\">Depuis 2020<\/a><\/div>\n\n\n\n<div class=\"wp-block-button\"><a class=\"wp-block-button__link has-text-align-right wp-element-button\">B\u00e9n\u00e9vole et gestionnaire de la page instagram pour Yes We Cat ASBL<\/a><\/div>\n<\/div>\n\n\n\n<p><\/p>\n<\/div><\/div>\n<\/div>\n\n\n\n<div class=\"wp-block-columns is-layout-flex wp-container-core-columns-is-layout-28f84493 wp-block-columns-is-layout-flex\">\n<div class=\"wp-block-column is-layout-flow wp-block-column-is-layout-flow\">\n<figure class=\"wp-block-pullquote\"><blockquote><p>\u00ab Sans b\u00eates, je m&rsquo;appauvris \u00bb<\/p><cite>Colette<\/cite><\/blockquote><\/figure>\n\n\n\n<h1 class=\"wp-block-heading has-text-align-center\"><strong>Pourquoi avoir cr\u00e9\u00e9 Feeling F\u00e9lin ? <\/strong><\/h1>\n<\/div>\n<\/div>\n\n\n\n<div class=\"wp-block-columns is-layout-flex wp-container-core-columns-is-layout-28f84493 wp-block-columns-is-layout-flex\">\n<div class=\"wp-block-column is-layout-flow wp-block-column-is-layout-flow\">\n<figure class=\"wp-block-image aligncenter size-full is-resized\"><img loading=\"lazy\" decoding=\"async\" width=\"908\" height=\"511\" src=\"https:\/\/www.feelingfelin.be\/feelingfelin.be\/wp-content\/uploads\/2025\/09\/Logo-feeling-felin-edited.jpg\" alt=\"\" class=\"wp-image-234\" style=\"width:450px;height:auto\" srcset=\"https:\/\/www.feelingfelin.be\/feelingfelin.be\/wp-content\/uploads\/2025\/09\/Logo-feeling-felin-edited.jpg 908w, https:\/\/www.feelingfelin.be\/feelingfelin.be\/wp-content\/uploads\/2025\/09\/Logo-feeling-felin-edited-300x169.jpg 300w\" sizes=\"auto, (max-width: 908px) 100vw, 908px\" \/><\/figure>\n<\/div>\n<\/div>\n\n\n\n<div class=\"wp-block-group is-vertical is-layout-flex wp-container-core-group-is-layout-fe9cc265 wp-block-group-is-layout-flex\">\n<div class=\"wp-block-group is-vertical is-layout-flex wp-container-core-group-is-layout-d6b9ab57 wp-block-group-is-layout-flex\">\n<p><strong>Passionn\u00e9e par les f\u00e9lins depuis toujours<\/strong>, j\u2019ai eu la chance de grandir entour\u00e9e de chats, ce qui a naturellement fa\u00e7onn\u00e9 mon lien profond avec eux. Mon amour pour ces animaux m\u2019a conduite \u00e0 adopter plusieurs chats en refuge et \u00e0 voyager en Cr\u00e8te, o\u00f9 j&rsquo;ai pris pleinement conscience de la mis\u00e8re dans laquelle certains f\u00e9lins sont parfois laiss\u00e9s. Ces exp\u00e9riences m&rsquo;ont pouss\u00e9e \u00e0 m&rsquo;engager davantage dans leur protection et leur bien-\u00eatre.<\/p>\n\n\n\n<p>C\u2019est ainsi que j\u2019ai rejoint l\u2019\u00e9quipe de l\u2019ASBL <strong>Yes We Cat<\/strong>, d&rsquo;abord en tant que b\u00e9n\u00e9vole, puis en prenant en charge la gestion de leur page Instagram et en devenant famille d&rsquo;accueil. Cependant, au fil du temps, je me suis rendu compte que cette aide, bien que pr\u00e9cieuse, ne suffisait pas \u00e0 r\u00e9pondre \u00e0 l\u2019ensemble des d\u00e9fis auxquels sont confront\u00e9s nos compagnons \u00e0 quatre pattes.<\/p>\n\n\n\n<p>Les raisons des abandons, souvent li\u00e9es \u00e0 une mauvaise compr\u00e9hension entre l\u2019humain et le chat, m\u2019ont fait prendre conscience qu&rsquo;il \u00e9tait crucial de r\u00e9tablir une relation saine et harmonieuse entre les deux. En me renseignant sur le sujet, j\u2019ai d\u00e9couvert le m\u00e9tier de <strong>comportementaliste f\u00e9lin<\/strong> et plus pr\u00e9cis\u00e9ment l&rsquo;approche \u00e9thologique. L\u2019\u00e9thologue <strong>Julie Willems<\/strong> proposait une formation de grande qualit\u00e9 \u00e0 laquelle je me suis empress\u00e9e de participer, d\u00e9termin\u00e9e \u00e0 acqu\u00e9rir les connaissances n\u00e9cessaires pour mieux comprendre et accompagner les chats dans leur quotidien.<\/p>\n\n\n\n<p>Fort de cette formation, j&rsquo;ai cr\u00e9\u00e9 <strong>Feeling F\u00e9lin<\/strong>, un espace d\u00e9di\u00e9 \u00e0 l&rsquo;accompagnement des f\u00e9lins et de leurs familles humaines. Mon objectif est de vous aider \u00e0 instaurer une cohabitation sereine, \u00e9panouie et respectueuse, en prenant en compte les besoins sp\u00e9cifiques de chaque chat.<\/p>\n\n\n\n<p>Merci de votre confiance et de votre soutien. Ensemble, faisons de chaque foyer un lieu o\u00f9 les chats et leurs humains vivent en parfaite harmonie.<\/p>\n<\/div>\n<\/div>\n","protected":false},"excerpt":{"rendered":"<p>Sherilyn Baltus &#8211; Comportementaliste f\u00e9lin Mes formations \u00ab Sans b\u00eates, je m&rsquo;appauvris \u00bb Colette Pourquoi avoir cr\u00e9\u00e9 Feeling F\u00e9lin ? Passionn\u00e9e par les f\u00e9lins depuis toujours, j\u2019ai eu la chance de grandir entour\u00e9e de chats, ce qui a naturellement fa\u00e7onn\u00e9 mon lien profond avec eux. Mon amour pour ces animaux m\u2019a conduite \u00e0 adopter plusieurs &hellip; <\/p>\n<p class=\"link-more\"><a href=\"https:\/\/www.feelingfelin.be\/feelingfelin.be\/?page_id=8\" class=\"more-link\">Lire la suite de<span class=\"screen-reader-text\">\u00ab\u00a0Qui suis-je ?\u00a0\u00bb<\/span><\/a><\/p>\n","protected":false},"author":1,"featured_media":35,"parent":0,"menu_order":0,"comment_status":"closed","ping_status":"closed","template":"page-templates\/homepage-builder-bb.php","meta":{"footnotes":""},"class_list":["post-8","page","type-page","status-publish","has-post-thumbnail","hentry"],"_links":{"self":[{"href":"https:\/\/www.feelingfelin.be\/feelingfelin.be\/index.php?rest_route=\/wp\/v2\/pages\/8","targetHints":{"allow":["GET"]}}],"collection":[{"href":"https:\/\/www.feelingfelin.be\/feelingfelin.be\/index.php?rest_route=\/wp\/v2\/pages"}],"about":[{"href":"https:\/\/www.feelingfelin.be\/feelingfelin.be\/index.php?rest_route=\/wp\/v2\/types\/page"}],"author":[{"embeddable":true,"href":"https:\/\/www.feelingfelin.be\/feelingfelin.be\/index.php?rest_route=\/wp\/v2\/users\/1"}],"replies":[{"embeddable":true,"href":"https:\/\/www.feelingfelin.be\/feelingfelin.be\/index.php?rest_route=%2Fwp%2Fv2%2Fcomments&post=8"}],"version-history":[{"count":23,"href":"https:\/\/www.feelingfelin.be\/feelingfelin.be\/index.php?rest_route=\/wp\/v2\/pages\/8\/revisions"}],"predecessor-version":[{"id":296,"href":"https:\/\/www.feelingfelin.be\/feelingfelin.be\/index.php?rest_route=\/wp\/v2\/pages\/8\/revisions\/296"}],"wp:featuredmedia":[{"embeddable":true,"href":"https:\/\/www.feelingfelin.be\/feelingfelin.be\/index.php?rest_route=\/wp\/v2\/media\/35"}],"wp:attachment":[{"href":"https:\/\/www.feelingfelin.be\/feelingfelin.be\/index.php?rest_route=%2Fwp%2Fv2%2Fmedia&parent=8"}],"curies":[{"name":"wp","href":"https:\/\/api.w.org\/{rel}","templated":true}]}}