{"id":7,"date":"2025-03-05T15:59:49","date_gmt":"2025-03-05T14:59:49","guid":{"rendered":"https:\/\/www.feelingfelin.be\/feelingfelin.be\/?page_id=7"},"modified":"2025-12-29T14:04:30","modified_gmt":"2025-12-29T13:04:30","slug":"homepage","status":"publish","type":"page","link":"https:\/\/www.feelingfelin.be\/feelingfelin.be\/","title":{"rendered":"Accueil"},"content":{"rendered":"\n<div class=\"wp-block-cover alignfull is-light\" style=\"min-height:100vh;aspect-ratio:unset;\"><img loading=\"lazy\" decoding=\"async\" width=\"1024\" height=\"1024\" class=\"wp-block-cover__image-background wp-image-12\" alt=\"\" src=\"https:\/\/www.feelingfelin.be\/feelingfelin.be\/wp-content\/uploads\/2025\/03\/201d9ca6-64ee-4be9-9dfe-680e3ea1f01a.webp\" data-object-fit=\"cover\" srcset=\"https:\/\/www.feelingfelin.be\/feelingfelin.be\/wp-content\/uploads\/2025\/03\/201d9ca6-64ee-4be9-9dfe-680e3ea1f01a.webp 1024w, https:\/\/www.feelingfelin.be\/feelingfelin.be\/wp-content\/uploads\/2025\/03\/201d9ca6-64ee-4be9-9dfe-680e3ea1f01a-300x300.webp 300w, https:\/\/www.feelingfelin.be\/feelingfelin.be\/wp-content\/uploads\/2025\/03\/201d9ca6-64ee-4be9-9dfe-680e3ea1f01a-150x150.webp 150w\" sizes=\"auto, (max-width: 1024px) 100vw, 1024px\" \/><span aria-hidden=\"true\" class=\"wp-block-cover__background has-background-dim-20 has-background-dim\" style=\"background-color:#8c8e94\"><\/span><div class=\"wp-block-cover__inner-container has-global-padding is-layout-constrained wp-block-cover-is-layout-constrained\">\n<p class=\"has-text-align-center has-white-color has-text-color has-max-60-font-size\" style=\"font-style:normal;font-weight:900;line-height:1.2\"><strong>Feeling F\u00e9lin<\/strong><\/p>\n\n\n\n<p class=\"has-text-align-center has-white-color has-text-color has-medium-font-size\">Comportementaliste f\u00e9lin<\/p>\n\n\n\n<div style=\"height:55px\" aria-hidden=\"true\" class=\"wp-block-spacer\"><\/div>\n<\/div><\/div>\n\n\n\n<div id=\"services\" class=\"wp-block-group alignfull pattern_multiple_covers has-background has-global-padding is-layout-constrained wp-block-group-is-layout-constrained\">\n<div style=\"height:84px\" aria-hidden=\"true\" class=\"wp-block-spacer\"><\/div>\n\n\n\n<p class=\"has-text-align-left has-secondary-color has-text-color\" style=\"letter-spacing:1px\"><\/p>\n\n\n\n<h1 class=\"wp-block-heading has-text-align-left\">Mes prestations pour vous et votre chat :<\/h1>\n\n\n\n<p class=\"has-text-align-left\"><\/p>\n\n\n\n<div style=\"height:46px\" aria-hidden=\"true\" class=\"wp-block-spacer\"><\/div>\n\n\n\n<div class=\"wp-block-columns is-layout-flex wp-container-core-columns-is-layout-28f84493 wp-block-columns-is-layout-flex\">\n<div class=\"wp-block-column is-layout-flow wp-block-column-is-layout-flow\" style=\"padding-top:0;padding-right:0;padding-bottom:0;padding-left:0\">\n<figure class=\"wp-block-image size-full\"><a href=\"https:\/\/www.feelingfelin.be\/feelingfelin.be\/?page_id=115\"><img loading=\"lazy\" decoding=\"async\" width=\"1024\" height=\"683\" src=\"https:\/\/www.feelingfelin.be\/feelingfelin.be\/wp-content\/uploads\/2025\/03\/bagarre-edited-1.webp\" alt=\"\" class=\"wp-image-87\" srcset=\"https:\/\/www.feelingfelin.be\/feelingfelin.be\/wp-content\/uploads\/2025\/03\/bagarre-edited-1.webp 1024w, https:\/\/www.feelingfelin.be\/feelingfelin.be\/wp-content\/uploads\/2025\/03\/bagarre-edited-1-300x200.webp 300w\" sizes=\"auto, (max-width: 1024px) 100vw, 1024px\" \/><\/a><\/figure>\n\n\n\n<h2 class=\"wp-block-heading\"><mark style=\"background-color:rgba(0, 0, 0, 0);color:#4a4a50\" class=\"has-inline-color\">Troubles du comportement<\/mark><\/h2>\n\n\n\n<div class=\"wp-block-group is-vertical is-content-justification-stretch is-layout-flex wp-container-core-group-is-layout-03ea0e6e wp-block-group-is-layout-flex\">\n<p><mark style=\"background-color:rgba(0, 0, 0, 0)\" class=\"has-inline-color has-tertiary-color\">Malpropret\u00e9, marquage urinaire, destructions, agressivit\u00e9, miaulements excessifs, stress et anxi\u00e9t\u00e9, peurs, d\u00e9pression, automutilation\u2026 Retrouvez ici mes prestations de comportementalisme.<\/mark><\/p>\n\n\n\n<div class=\"wp-block-buttons is-layout-flex wp-block-buttons-is-layout-flex\">\n<div class=\"wp-block-button\"><a class=\"wp-block-button__link wp-element-button\" href=\"https:\/\/www.feelingfelin.be\/feelingfelin.be\/?page_id=115\">Plus d&rsquo;infos<\/a><\/div>\n<\/div>\n<\/div>\n<\/div>\n\n\n\n<div class=\"wp-block-column is-layout-flow wp-block-column-is-layout-flow\" style=\"padding-top:0;padding-right:0;padding-bottom:0;padding-left:0\">\n<figure class=\"wp-block-image\"><a href=\"https:\/\/www.feelingfelin.be\/feelingfelin.be\/?page_id=117\"><img loading=\"lazy\" decoding=\"async\" width=\"1024\" height=\"683\" src=\"https:\/\/www.feelingfelin.be\/feelingfelin.be\/wp-content\/uploads\/2025\/03\/catsitting-edited-1.webp\" alt=\"\" class=\"wp-image-88\" srcset=\"https:\/\/www.feelingfelin.be\/feelingfelin.be\/wp-content\/uploads\/2025\/03\/catsitting-edited-1.webp 1024w, https:\/\/www.feelingfelin.be\/feelingfelin.be\/wp-content\/uploads\/2025\/03\/catsitting-edited-1-300x200.webp 300w\" sizes=\"auto, (max-width: 1024px) 100vw, 1024px\" \/><\/a><\/figure>\n\n\n\n<h2 class=\"wp-block-heading\"><mark style=\"background-color:rgba(0, 0, 0, 0);color:#535359\" class=\"has-inline-color\">Catsitting<\/mark><\/h2>\n\n\n\n<p><mark style=\"background-color:rgba(0, 0, 0, 0)\" class=\"has-inline-color has-tertiary-color\">Vous vous absentez quelques jours ou quelques heures et vous avez besoin d&rsquo;une personne de confiance pour veiller sur votre compagnon ? Retrouvez ici mes prestations de catsitting.<\/mark><\/p>\n\n\n\n<div class=\"wp-block-buttons is-layout-flex wp-block-buttons-is-layout-flex\">\n<div class=\"wp-block-button\"><a class=\"wp-block-button__link wp-element-button\" href=\"https:\/\/www.feelingfelin.be\/feelingfelin.be\/?page_id=117\">Plus d&rsquo;infos<\/a><\/div>\n<\/div>\n<\/div>\n\n\n\n<div class=\"wp-block-column is-layout-flow wp-block-column-is-layout-flow\" style=\"padding-top:0;padding-right:0;padding-bottom:0;padding-left:0\">\n<figure class=\"wp-block-image size-full\"><a href=\"https:\/\/www.feelingfelin.be\/feelingfelin.be\/?page_id=119\"><img loading=\"lazy\" decoding=\"async\" width=\"1024\" height=\"683\" src=\"https:\/\/www.feelingfelin.be\/feelingfelin.be\/wp-content\/uploads\/2025\/03\/36ba8040-553c-4a68-9aa9-3e796c37ae1f-1-edited-2.webp\" alt=\"\" class=\"wp-image-90\" srcset=\"https:\/\/www.feelingfelin.be\/feelingfelin.be\/wp-content\/uploads\/2025\/03\/36ba8040-553c-4a68-9aa9-3e796c37ae1f-1-edited-2.webp 1024w, https:\/\/www.feelingfelin.be\/feelingfelin.be\/wp-content\/uploads\/2025\/03\/36ba8040-553c-4a68-9aa9-3e796c37ae1f-1-edited-2-300x200.webp 300w\" sizes=\"auto, (max-width: 1024px) 100vw, 1024px\" \/><\/a><\/figure>\n\n\n\n<h2 class=\"wp-block-heading\"><mark style=\"background-color:rgba(0, 0, 0, 0);color:#56565d\" class=\"has-inline-color\">Conseils adoption, pr\u00e9parations aux changements, etc<\/mark><\/h2>\n\n\n\n<p><mark style=\"background-color:rgba(0, 0, 0, 0)\" class=\"has-inline-color has-tertiary-color\">L&rsquo;arriv\u00e9e d&rsquo;un b\u00e9b\u00e9, un d\u00e9m\u00e9nagement, votre premier matou ou tout simplement l&rsquo;envie d&rsquo;am\u00e9liorer son quotidien ? C&rsquo;est par ici que cela se passe.<\/mark><\/p>\n\n\n\n<div class=\"wp-block-buttons is-layout-flex wp-block-buttons-is-layout-flex\">\n<div class=\"wp-block-button\"><a class=\"wp-block-button__link wp-element-button\" href=\"https:\/\/www.feelingfelin.be\/feelingfelin.be\/?page_id=119\">Plus d&rsquo;infos<\/a><\/div>\n<\/div>\n<\/div>\n<\/div>\n\n\n\n<div style=\"height:103px\" aria-hidden=\"true\" class=\"wp-block-spacer\"><\/div>\n<\/div>\n\n\n\n<div class=\"wp-block-group alignfull has-global-padding is-layout-constrained wp-block-group-is-layout-constrained\">\n<h1 class=\"wp-block-heading has-text-align-left\"><mark style=\"background-color:rgba(0, 0, 0, 0)\" class=\"has-inline-color has-tertiary-color\">Comment se d\u00e9roule une consultation ?<\/mark><\/h1>\n<\/div>\n\n\n\n<div class=\"wp-block-group alignfull has-background has-global-padding is-layout-constrained wp-block-group-is-layout-constrained\">\n<div class=\"wp-block-group has-global-padding is-layout-constrained wp-block-group-is-layout-constrained\" style=\"padding-top:var(--wp--preset--spacing--small);padding-bottom:var(--wp--preset--spacing--small)\">\n<div class=\"wp-block-columns are-vertically-aligned-center is-layout-flex wp-container-core-columns-is-layout-c375d253 wp-block-columns-is-layout-flex\">\n<div class=\"wp-block-column is-vertically-aligned-center is-layout-flow wp-block-column-is-layout-flow\">\n<figure class=\"wp-block-image size-large\"><img loading=\"lazy\" decoding=\"async\" width=\"1024\" height=\"574\" src=\"https:\/\/www.feelingfelin.be\/feelingfelin.be\/wp-content\/uploads\/2025\/03\/vecteezy_ai-generated-gray-cat-sitting-on-table_43168178-1024x574.jpeg\" alt=\"\" class=\"wp-image-50\" srcset=\"https:\/\/www.feelingfelin.be\/feelingfelin.be\/wp-content\/uploads\/2025\/03\/vecteezy_ai-generated-gray-cat-sitting-on-table_43168178-1024x574.jpeg 1024w, https:\/\/www.feelingfelin.be\/feelingfelin.be\/wp-content\/uploads\/2025\/03\/vecteezy_ai-generated-gray-cat-sitting-on-table_43168178-300x168.jpeg 300w, https:\/\/www.feelingfelin.be\/feelingfelin.be\/wp-content\/uploads\/2025\/03\/vecteezy_ai-generated-gray-cat-sitting-on-table_43168178-2000x1121.jpeg 2000w\" sizes=\"auto, (max-width: 1024px) 100vw, 1024px\" \/><\/figure>\n<\/div>\n\n\n\n<div class=\"wp-block-column is-vertically-aligned-center is-layout-flow wp-block-column-is-layout-flow\">\n<ul class=\"wp-block-list\">\n<li><strong>O\u00f9 ?<\/strong> A votre domicile ou en visio<\/li>\n\n\n\n<li><strong>Dur\u00e9e :<\/strong> 1 heure<\/li>\n\n\n\n<li><strong>Tarif :<\/strong> 60\u20ac (frais de d\u00e9placement \u00e9ventuels \u00e0 pr\u00e9voir)<\/li>\n\n\n\n<li>Vous m&rsquo;exposez la situation et nous dialoguons, je vous pose des questions pour bien comprendre le probl\u00e8me et identifier ses causes.<\/li>\n\n\n\n<li>Je vous propose des pistes de solutions et un suivi.<\/li>\n\n\n\n<li><strong>Bienveillance et empathie<\/strong> sont au programme. Mon objectif est de vous aider vous et votre chat, sans jugement.<\/li>\n<\/ul>\n\n\n\n<div class=\"wp-block-buttons is-layout-flex wp-block-buttons-is-layout-flex\">\n<div class=\"wp-block-button is-style-outline is-style-outline--1\"><a class=\"wp-block-button__link wp-element-button\" href=\"https:\/\/zcal.co\/feelingfelin\" style=\"border-radius:0px\">Prendre rendez-vous<\/a><\/div>\n<\/div>\n<\/div>\n<\/div>\n\n\n\n<div style=\"height:30px\" aria-hidden=\"true\" class=\"wp-block-spacer\"><\/div>\n<\/div>\n<\/div>\n\n\n\n<div class=\"wp-block-group alignfull portfolio-dark has-black-background-color has-background has-global-padding is-layout-constrained wp-block-group-is-layout-constrained\" id=\"portfolio\" style=\"margin-top:0px\">\n<div style=\"height:122px\" aria-hidden=\"true\" class=\"wp-block-spacer\"><\/div>\n\n\n\n<p class=\"has-text-align-left has-text-color\" style=\"color:#0bb4aa;letter-spacing:1px\"><mark style=\"background-color:rgba(0, 0, 0, 0);color:#bc8bbb\" class=\"has-inline-color\">R\u00e9seaux sociaux<\/mark><\/p>\n\n\n\n<h2 class=\"wp-block-heading has-text-align-left has-white-color has-text-color has-large-font-size\">Retrouvez-moi sur mes diff\u00e9rents r\u00e9seaux<\/h2>\n\n\n\n<div class=\"wp-block-columns is-layout-flex wp-container-core-columns-is-layout-28f84493 wp-block-columns-is-layout-flex\">\n<div class=\"wp-block-column is-layout-flow wp-block-column-is-layout-flow\">\n<figure class=\"wp-block-image size-full is-resized\"><a href=\"https:\/\/www.instagram.com\/feeling_felin\/\" target=\"_blank\" rel=\" noreferrer noopener\"><img loading=\"lazy\" decoding=\"async\" width=\"800\" height=\"800\" src=\"https:\/\/www.feelingfelin.be\/feelingfelin.be\/wp-content\/uploads\/2025\/03\/logo-insta.png\" alt=\"\" class=\"wp-image-98\" style=\"width:74px;height:auto\" srcset=\"https:\/\/www.feelingfelin.be\/feelingfelin.be\/wp-content\/uploads\/2025\/03\/logo-insta.png 800w, https:\/\/www.feelingfelin.be\/feelingfelin.be\/wp-content\/uploads\/2025\/03\/logo-insta-300x300.png 300w, https:\/\/www.feelingfelin.be\/feelingfelin.be\/wp-content\/uploads\/2025\/03\/logo-insta-150x150.png 150w\" sizes=\"auto, (max-width: 800px) 100vw, 800px\" \/><\/a><\/figure>\n<\/div>\n\n\n\n<div class=\"wp-block-column is-layout-flow wp-block-column-is-layout-flow\">\n<figure class=\"wp-block-image size-full is-resized\"><img loading=\"lazy\" decoding=\"async\" width=\"960\" height=\"960\" src=\"https:\/\/www.feelingfelin.be\/feelingfelin.be\/wp-content\/uploads\/2025\/03\/logofb2.png\" alt=\"\" class=\"wp-image-100\" style=\"width:64px;height:auto\" srcset=\"https:\/\/www.feelingfelin.be\/feelingfelin.be\/wp-content\/uploads\/2025\/03\/logofb2.png 960w, https:\/\/www.feelingfelin.be\/feelingfelin.be\/wp-content\/uploads\/2025\/03\/logofb2-300x300.png 300w, https:\/\/www.feelingfelin.be\/feelingfelin.be\/wp-content\/uploads\/2025\/03\/logofb2-150x150.png 150w\" sizes=\"auto, (max-width: 960px) 100vw, 960px\" \/><\/figure>\n<\/div>\n\n\n\n<div class=\"wp-block-column is-layout-flow wp-block-column-is-layout-flow\"><\/div>\n<\/div>\n\n\n\n<div class=\"wp-block-columns is-layout-flex wp-container-core-columns-is-layout-28f84493 wp-block-columns-is-layout-flex\">\n<div class=\"wp-block-column is-layout-flow wp-block-column-is-layout-flow\"><\/div>\n\n\n\n<div class=\"wp-block-column is-layout-flow wp-block-column-is-layout-flow\"><\/div>\n\n\n\n<div class=\"wp-block-column is-layout-flow wp-block-column-is-layout-flow\"><\/div>\n<\/div>\n\n\n\n<div style=\"height:44px\" aria-hidden=\"true\" class=\"wp-block-spacer\"><\/div>\n\n\n\n<div style=\"height:50px\" aria-hidden=\"true\" class=\"wp-block-spacer\"><\/div>\n<\/div>\n\n\n\n<h1 class=\"wp-block-heading\">T\u00e9moignages<\/h1>\n\n\n\n<div class=\"wp-block-columns is-layout-flex wp-container-core-columns-is-layout-28f84493 wp-block-columns-is-layout-flex\">\n<div class=\"wp-block-column is-layout-flow wp-block-column-is-layout-flow\">\n<figure class=\"wp-block-gallery has-nested-images columns-default is-cropped wp-block-gallery-2 is-layout-flex wp-block-gallery-is-layout-flex\">\n<figure class=\"wp-block-image size-large\"><img loading=\"lazy\" decoding=\"async\" width=\"1024\" height=\"683\" data-id=\"276\" src=\"https:\/\/www.feelingfelin.be\/feelingfelin.be\/wp-content\/uploads\/2025\/12\/ChatGPT-Image-22-dec.-2025-19_41_11-1024x683.png\" alt=\"\" class=\"wp-image-276\" srcset=\"https:\/\/www.feelingfelin.be\/feelingfelin.be\/wp-content\/uploads\/2025\/12\/ChatGPT-Image-22-dec.-2025-19_41_11-1024x683.png 1024w, https:\/\/www.feelingfelin.be\/feelingfelin.be\/wp-content\/uploads\/2025\/12\/ChatGPT-Image-22-dec.-2025-19_41_11-300x200.png 300w, https:\/\/www.feelingfelin.be\/feelingfelin.be\/wp-content\/uploads\/2025\/12\/ChatGPT-Image-22-dec.-2025-19_41_11.png 1536w\" sizes=\"auto, (max-width: 1024px) 100vw, 1024px\" \/><\/figure>\n<\/figure>\n<\/div>\n\n\n\n<div class=\"wp-block-column is-layout-flow wp-block-column-is-layout-flow\">\n<figure class=\"wp-block-image size-large\"><img loading=\"lazy\" decoding=\"async\" width=\"1024\" height=\"683\" src=\"https:\/\/www.feelingfelin.be\/feelingfelin.be\/wp-content\/uploads\/2025\/12\/22f22156-fd35-4a5d-b112-dbc17fcc1994-1024x683.png\" alt=\"\" class=\"wp-image-279\" srcset=\"https:\/\/www.feelingfelin.be\/feelingfelin.be\/wp-content\/uploads\/2025\/12\/22f22156-fd35-4a5d-b112-dbc17fcc1994-1024x683.png 1024w, https:\/\/www.feelingfelin.be\/feelingfelin.be\/wp-content\/uploads\/2025\/12\/22f22156-fd35-4a5d-b112-dbc17fcc1994-300x200.png 300w, https:\/\/www.feelingfelin.be\/feelingfelin.be\/wp-content\/uploads\/2025\/12\/22f22156-fd35-4a5d-b112-dbc17fcc1994.png 1536w\" sizes=\"auto, (max-width: 1024px) 100vw, 1024px\" \/><\/figure>\n<\/div>\n\n\n\n<div class=\"wp-block-column is-layout-flow wp-block-column-is-layout-flow\">\n<figure class=\"wp-block-image size-large\"><img loading=\"lazy\" decoding=\"async\" width=\"1024\" height=\"681\" src=\"https:\/\/www.feelingfelin.be\/feelingfelin.be\/wp-content\/uploads\/2025\/03\/vecteezy_under-construction-signage-on-laptop-keyboard_1235910-1024x681.jpeg\" alt=\"\" class=\"wp-image-102\" srcset=\"https:\/\/www.feelingfelin.be\/feelingfelin.be\/wp-content\/uploads\/2025\/03\/vecteezy_under-construction-signage-on-laptop-keyboard_1235910-1024x681.jpeg 1024w, https:\/\/www.feelingfelin.be\/feelingfelin.be\/wp-content\/uploads\/2025\/03\/vecteezy_under-construction-signage-on-laptop-keyboard_1235910-300x199.jpeg 300w, https:\/\/www.feelingfelin.be\/feelingfelin.be\/wp-content\/uploads\/2025\/03\/vecteezy_under-construction-signage-on-laptop-keyboard_1235910-2000x1330.jpeg 2000w\" sizes=\"auto, (max-width: 1024px) 100vw, 1024px\" \/><\/figure>\n<\/div>\n<\/div>\n\n\n\n<p><\/p>\n","protected":false},"excerpt":{"rendered":"<p>Mes prestations pour vous et votre chat : Troubles du comportement Malpropret\u00e9, marquage urinaire, destructions, agressivit\u00e9, miaulements excessifs, stress et anxi\u00e9t\u00e9, peurs, d\u00e9pression, automutilation\u2026 Retrouvez ici mes prestations de comportementalisme. Catsitting Vous vous absentez quelques jours ou quelques heures et vous avez besoin d&rsquo;une personne de confiance pour veiller sur votre compagnon ? Retrouvez ici &hellip; <\/p>\n<p class=\"link-more\"><a href=\"https:\/\/www.feelingfelin.be\/feelingfelin.be\/\" class=\"more-link\">Lire la suite de<span class=\"screen-reader-text\">\u00ab\u00a0Accueil\u00a0\u00bb<\/span><\/a><\/p>\n","protected":false},"author":1,"featured_media":0,"parent":0,"menu_order":0,"comment_status":"closed","ping_status":"closed","template":"page-templates\/homepage-no-hero.php","meta":{"footnotes":""},"class_list":["post-7","page","type-page","status-publish","hentry"],"_links":{"self":[{"href":"https:\/\/www.feelingfelin.be\/feelingfelin.be\/index.php?rest_route=\/wp\/v2\/pages\/7","targetHints":{"allow":["GET"]}}],"collection":[{"href":"https:\/\/www.feelingfelin.be\/feelingfelin.be\/index.php?rest_route=\/wp\/v2\/pages"}],"about":[{"href":"https:\/\/www.feelingfelin.be\/feelingfelin.be\/index.php?rest_route=\/wp\/v2\/types\/page"}],"author":[{"embeddable":true,"href":"https:\/\/www.feelingfelin.be\/feelingfelin.be\/index.php?rest_route=\/wp\/v2\/users\/1"}],"replies":[{"embeddable":true,"href":"https:\/\/www.feelingfelin.be\/feelingfelin.be\/index.php?rest_route=%2Fwp%2Fv2%2Fcomments&post=7"}],"version-history":[{"count":23,"href":"https:\/\/www.feelingfelin.be\/feelingfelin.be\/index.php?rest_route=\/wp\/v2\/pages\/7\/revisions"}],"predecessor-version":[{"id":280,"href":"https:\/\/www.feelingfelin.be\/feelingfelin.be\/index.php?rest_route=\/wp\/v2\/pages\/7\/revisions\/280"}],"wp:attachment":[{"href":"https:\/\/www.feelingfelin.be\/feelingfelin.be\/index.php?rest_route=%2Fwp%2Fv2%2Fmedia&parent=7"}],"curies":[{"name":"wp","href":"https:\/\/api.w.org\/{rel}","templated":true}]}}