{"id":119,"date":"2025-03-06T15:34:09","date_gmt":"2025-03-06T14:34:09","guid":{"rendered":"https:\/\/www.feelingfelin.be\/feelingfelin.be\/?page_id=119"},"modified":"2025-12-22T19:29:34","modified_gmt":"2025-12-22T18:29:34","slug":"conseils-et-preparation","status":"publish","type":"page","link":"https:\/\/www.feelingfelin.be\/feelingfelin.be\/?page_id=119","title":{"rendered":"Conseils et pr\u00e9paration aux changements"},"content":{"rendered":"\n<div class=\"wp-block-group has-global-padding is-layout-constrained wp-block-group-is-layout-constrained\" style=\"padding-top:var(--wp--preset--spacing--small);padding-bottom:var(--wp--preset--spacing--small)\">\n<div style=\"height:30px\" aria-hidden=\"true\" class=\"wp-block-spacer\"><\/div>\n\n\n\n<div class=\"wp-block-columns is-layout-flex wp-container-core-columns-is-layout-c375d253 wp-block-columns-is-layout-flex\">\n<div class=\"wp-block-column is-vertically-aligned-center is-layout-flow wp-block-column-is-layout-flow\">\n<h2 class=\"wp-block-heading has-medium-font-size\" style=\"text-transform:uppercase\">Adoption, enrichissement de l&rsquo;environnement, naissance, &#8230;<\/h2>\n\n\n\n<p>Un nouvel arrivant \u00e0 la maison \u2013 qu\u2019il s\u2019agisse d\u2019un b\u00e9b\u00e9 ou d\u2019un compagnon \u00e0 quatre pattes \u2013, un d\u00e9m\u00e9nagement ou encore des travaux sont de belles aventures, mais peuvent aussi soulever de nombreuses questions.<br>Je vous accompagne pour pr\u00e9parer sereinement votre foyer et votre chat, afin que cette transition se fasse en douceur, dans le respect des besoins de chacun.<\/p>\n\n\n\n<p>Un environnement pens\u00e9 et adapt\u00e9 favorise l\u2019\u00e9panouissement de votre chat, limite le stress et pr\u00e9vient l\u2019apparition de troubles comportementaux&#8230;<\/p>\n\n\n\n<div class=\"wp-block-group is-nowrap is-layout-flex wp-container-core-group-is-layout-6c531013 wp-block-group-is-layout-flex\">\n<div class=\"wp-block-buttons is-content-justification-center is-layout-flex wp-container-core-buttons-is-layout-a89b3969 wp-block-buttons-is-layout-flex\">\n<div class=\"wp-block-button\"><a class=\"wp-block-button__link wp-element-button\" href=\"https:\/\/zcal.co\/feelingfelin\">Prendre rendez-vous<\/a><\/div>\n<\/div>\n\n\n\n<p><br><\/p>\n<\/div>\n<\/div>\n\n\n\n<div class=\"wp-block-column is-layout-flow wp-block-column-is-layout-flow\">\n<figure class=\"wp-block-image size-full\"><img loading=\"lazy\" decoding=\"async\" width=\"2560\" height=\"1707\" src=\"https:\/\/www.feelingfelin.be\/feelingfelin.be\/wp-content\/uploads\/2025\/09\/pexels-kerber-774731-1-scaled.jpg\" alt=\"\" class=\"wp-image-218\" srcset=\"https:\/\/www.feelingfelin.be\/feelingfelin.be\/wp-content\/uploads\/2025\/09\/pexels-kerber-774731-1-scaled.jpg 2560w, https:\/\/www.feelingfelin.be\/feelingfelin.be\/wp-content\/uploads\/2025\/09\/pexels-kerber-774731-1-300x200.jpg 300w, https:\/\/www.feelingfelin.be\/feelingfelin.be\/wp-content\/uploads\/2025\/09\/pexels-kerber-774731-1-1024x683.jpg 1024w, https:\/\/www.feelingfelin.be\/feelingfelin.be\/wp-content\/uploads\/2025\/09\/pexels-kerber-774731-1-2000x1333.jpg 2000w\" sizes=\"auto, (max-width: 2560px) 100vw, 2560px\" \/><\/figure>\n<\/div>\n<\/div>\n\n\n\n<div style=\"height:30px\" aria-hidden=\"true\" class=\"wp-block-spacer\"><\/div>\n<\/div>\n\n\n\n<div class=\"wp-block-group alignfull has-background has-global-padding is-layout-constrained wp-block-group-is-layout-constrained\" style=\"background-color:#f8f8f8\">\n<div class=\"wp-block-group has-global-padding is-layout-constrained wp-block-group-is-layout-constrained\" style=\"padding-top:var(--wp--preset--spacing--small);padding-bottom:var(--wp--preset--spacing--small)\">\n<div style=\"height:30px\" aria-hidden=\"true\" class=\"wp-block-spacer\"><\/div>\n\n\n\n<div class=\"wp-block-columns are-vertically-aligned-center is-layout-flex wp-container-core-columns-is-layout-c375d253 wp-block-columns-is-layout-flex\">\n<div class=\"wp-block-column is-vertically-aligned-center is-layout-flow wp-block-column-is-layout-flow\">\n<figure class=\"wp-block-image size-full\"><img loading=\"lazy\" decoding=\"async\" width=\"2560\" height=\"1707\" src=\"https:\/\/www.feelingfelin.be\/feelingfelin.be\/wp-content\/uploads\/2025\/09\/pexels-filirovska-7140627-1-scaled.jpg\" alt=\"\" class=\"wp-image-221\" srcset=\"https:\/\/www.feelingfelin.be\/feelingfelin.be\/wp-content\/uploads\/2025\/09\/pexels-filirovska-7140627-1-scaled.jpg 2560w, https:\/\/www.feelingfelin.be\/feelingfelin.be\/wp-content\/uploads\/2025\/09\/pexels-filirovska-7140627-1-300x200.jpg 300w, https:\/\/www.feelingfelin.be\/feelingfelin.be\/wp-content\/uploads\/2025\/09\/pexels-filirovska-7140627-1-1024x683.jpg 1024w, https:\/\/www.feelingfelin.be\/feelingfelin.be\/wp-content\/uploads\/2025\/09\/pexels-filirovska-7140627-1-2000x1333.jpg 2000w\" sizes=\"auto, (max-width: 2560px) 100vw, 2560px\" \/><\/figure>\n<\/div>\n\n\n\n<div class=\"wp-block-column is-vertically-aligned-center is-layout-flow wp-block-column-is-layout-flow\">\n<h2 class=\"wp-block-heading has-medium-font-size\" style=\"text-transform:uppercase\">Chats seniors<\/h2>\n\n\n\n<p>Avec l\u2019\u00e2ge, les besoins des chats \u00e9voluent et leur environnement habituel peut devenir source d\u2019inconfort ou de d\u00e9sorientation.<br>Adapter son espace de vie est alors essentiel pour leur offrir plus de confort, de s\u00e9curit\u00e9 et pr\u00e9server leur bien-\u00eatre au quotidien.<\/p>\n\n\n\n<p>Je vous accompagne pour repenser votre int\u00e9rieur afin de le rendre plus accessible, rassurant et apaisant, tout en r\u00e9duisant les sources de stress pour votre chat \u00e2g\u00e9.<\/p>\n\n\n\n<div class=\"wp-block-group is-content-justification-right is-nowrap is-layout-flex wp-container-core-group-is-layout-17124a9a wp-block-group-is-layout-flex\">\n<div class=\"wp-block-buttons is-content-justification-center is-layout-flex wp-container-core-buttons-is-layout-a89b3969 wp-block-buttons-is-layout-flex\">\n<div class=\"wp-block-button\"><a class=\"wp-block-button__link wp-element-button\" href=\"https:\/\/zcal.co\/feelingfelin\">Prendre rendez-vous<\/a><\/div>\n<\/div>\n\n\n\n<p><br><\/p>\n<\/div>\n<\/div>\n<\/div>\n\n\n\n<div style=\"height:30px\" aria-hidden=\"true\" class=\"wp-block-spacer\"><\/div>\n<\/div>\n<\/div>\n\n\n\n<p><\/p>\n","protected":false},"excerpt":{"rendered":"<p>Adoption, enrichissement de l&rsquo;environnement, naissance, &#8230; Un nouvel arrivant \u00e0 la maison \u2013 qu\u2019il s\u2019agisse d\u2019un b\u00e9b\u00e9 ou d\u2019un compagnon \u00e0 quatre pattes \u2013, un d\u00e9m\u00e9nagement ou encore des travaux sont de belles aventures, mais peuvent aussi soulever de nombreuses questions.Je vous accompagne pour pr\u00e9parer sereinement votre foyer et votre chat, afin que cette transition &hellip; <\/p>\n<p class=\"link-more\"><a href=\"https:\/\/www.feelingfelin.be\/feelingfelin.be\/?page_id=119\" class=\"more-link\">Lire la suite de<span class=\"screen-reader-text\">\u00ab\u00a0Conseils et pr\u00e9paration aux changements\u00a0\u00bb<\/span><\/a><\/p>\n","protected":false},"author":1,"featured_media":0,"parent":0,"menu_order":0,"comment_status":"closed","ping_status":"closed","template":"","meta":{"footnotes":""},"class_list":["post-119","page","type-page","status-publish","hentry"],"_links":{"self":[{"href":"https:\/\/www.feelingfelin.be\/feelingfelin.be\/index.php?rest_route=\/wp\/v2\/pages\/119","targetHints":{"allow":["GET"]}}],"collection":[{"href":"https:\/\/www.feelingfelin.be\/feelingfelin.be\/index.php?rest_route=\/wp\/v2\/pages"}],"about":[{"href":"https:\/\/www.feelingfelin.be\/feelingfelin.be\/index.php?rest_route=\/wp\/v2\/types\/page"}],"author":[{"embeddable":true,"href":"https:\/\/www.feelingfelin.be\/feelingfelin.be\/index.php?rest_route=\/wp\/v2\/users\/1"}],"replies":[{"embeddable":true,"href":"https:\/\/www.feelingfelin.be\/feelingfelin.be\/index.php?rest_route=%2Fwp%2Fv2%2Fcomments&post=119"}],"version-history":[{"count":8,"href":"https:\/\/www.feelingfelin.be\/feelingfelin.be\/index.php?rest_route=\/wp\/v2\/pages\/119\/revisions"}],"predecessor-version":[{"id":271,"href":"https:\/\/www.feelingfelin.be\/feelingfelin.be\/index.php?rest_route=\/wp\/v2\/pages\/119\/revisions\/271"}],"wp:attachment":[{"href":"https:\/\/www.feelingfelin.be\/feelingfelin.be\/index.php?rest_route=%2Fwp%2Fv2%2Fmedia&parent=119"}],"curies":[{"name":"wp","href":"https:\/\/api.w.org\/{rel}","templated":true}]}}