{"id":117,"date":"2025-03-06T15:33:43","date_gmt":"2025-03-06T14:33:43","guid":{"rendered":"https:\/\/www.feelingfelin.be\/feelingfelin.be\/?page_id=117"},"modified":"2026-03-27T13:46:54","modified_gmt":"2026-03-27T12:46:54","slug":"catsitting","status":"publish","type":"page","link":"https:\/\/www.feelingfelin.be\/feelingfelin.be\/?page_id=117","title":{"rendered":"Catsitting"},"content":{"rendered":"\n<h4 class=\"wp-block-heading\">Vous vous absentez quelques heures ou quelques jours et vous n&rsquo;avez personne dans votre entourage pour s&rsquo;occuper de votre compagnon \u00e0 quatre pattes Vous recherchez une personne de confiance, avec des comp\u00e9tences et une connaissance suffisante du chat, de sa race et de ses besoins ?<br>Je vous propose mes services de catsitting.<\/h4>\n\n\n\n<div class=\"wp-block-group has-global-padding is-layout-constrained wp-block-group-is-layout-constrained\" style=\"padding-top:var(--wp--preset--spacing--small);padding-bottom:var(--wp--preset--spacing--small)\">\n<div style=\"height:30px\" aria-hidden=\"true\" class=\"wp-block-spacer\"><\/div>\n\n\n\n<div class=\"wp-block-columns is-layout-flex wp-container-core-columns-is-layout-c375d253 wp-block-columns-is-layout-flex\">\n<div class=\"wp-block-column is-vertically-aligned-center is-layout-flow wp-block-column-is-layout-flow\">\n<h2 class=\"wp-block-heading has-medium-font-size\" style=\"text-transform:uppercase\">Pourquoi faire garder votre chat ?<\/h2>\n\n\n\n<p><strong>Les chats sont des animaux profond\u00e9ment territoriaux et attach\u00e9s \u00e0 leur routine<\/strong>, celle qu&rsquo;ils ont minutieusement \u00e9tablie dans leur environnement. C\u2019est pourquoi, si votre chat se montre particuli\u00e8rement stress\u00e9 par les voyages ou sensible aux changements, il est pr\u00e9f\u00e9rable de le laisser dans son cadre familier pendant votre absence. En confiant sa garde \u00e0 une personne de confiance, vous lui permettez de rester serein tout en continuant de b\u00e9n\u00e9ficier de l\u2019attention et des soins qu\u2019il m\u00e9rite.<\/p>\n<\/div>\n\n\n\n<div class=\"wp-block-column is-layout-flow wp-block-column-is-layout-flow\">\n<figure class=\"wp-block-image size-full\"><img loading=\"lazy\" decoding=\"async\" width=\"996\" height=\"664\" src=\"https:\/\/www.feelingfelin.be\/feelingfelin.be\/wp-content\/uploads\/2025\/03\/gros-plan-beau-chat-proprietaire_23-2149216340.jpeg\" alt=\"\" class=\"wp-image-165\" srcset=\"https:\/\/www.feelingfelin.be\/feelingfelin.be\/wp-content\/uploads\/2025\/03\/gros-plan-beau-chat-proprietaire_23-2149216340.jpeg 996w, https:\/\/www.feelingfelin.be\/feelingfelin.be\/wp-content\/uploads\/2025\/03\/gros-plan-beau-chat-proprietaire_23-2149216340-300x200.jpeg 300w\" sizes=\"auto, (max-width: 996px) 100vw, 996px\" \/><\/figure>\n<\/div>\n<\/div>\n\n\n\n<div style=\"height:30px\" aria-hidden=\"true\" class=\"wp-block-spacer\"><\/div>\n<\/div>\n\n\n\n<div class=\"wp-block-group alignfull has-background has-global-padding is-layout-constrained wp-block-group-is-layout-constrained\" style=\"background-color:#f8f8f8\">\n<div class=\"wp-block-group has-global-padding is-layout-constrained wp-block-group-is-layout-constrained\" style=\"padding-top:var(--wp--preset--spacing--small);padding-bottom:var(--wp--preset--spacing--small)\">\n<div style=\"height:30px\" aria-hidden=\"true\" class=\"wp-block-spacer\"><\/div>\n\n\n\n<div class=\"wp-block-columns are-vertically-aligned-center is-layout-flex wp-container-core-columns-is-layout-c375d253 wp-block-columns-is-layout-flex\">\n<div class=\"wp-block-column is-vertically-aligned-center is-layout-flow wp-block-column-is-layout-flow\">\n<figure class=\"wp-block-image size-full\"><img loading=\"lazy\" decoding=\"async\" width=\"996\" height=\"664\" src=\"https:\/\/www.feelingfelin.be\/feelingfelin.be\/wp-content\/uploads\/2025\/03\/femme-joue-corde-chat-bengal_8353-529.jpeg\" alt=\"\" class=\"wp-image-166\" srcset=\"https:\/\/www.feelingfelin.be\/feelingfelin.be\/wp-content\/uploads\/2025\/03\/femme-joue-corde-chat-bengal_8353-529.jpeg 996w, https:\/\/www.feelingfelin.be\/feelingfelin.be\/wp-content\/uploads\/2025\/03\/femme-joue-corde-chat-bengal_8353-529-300x200.jpeg 300w\" sizes=\"auto, (max-width: 996px) 100vw, 996px\" \/><\/figure>\n<\/div>\n\n\n\n<div class=\"wp-block-column is-vertically-aligned-center is-layout-flow wp-block-column-is-layout-flow\">\n<h2 class=\"wp-block-heading has-medium-font-size\" style=\"text-transform:uppercase\">Ce que je propose<\/h2>\n\n\n\n<p><strong>Je vous propose de rendre visite \u00e0 votre compagnon jusqu&rsquo;\u00e0 deux fois par jour<\/strong>, pour des p\u00e9riodes de 30 minutes \u00e0 une heure (ou selon vos besoins sp\u00e9cifiques). Durant chaque visite, je m&rsquo;assure que ses gamelles sont propres et bien remplies, que sa liti\u00e8re est entretenue, et je lui offre un moment de compagnie en jouant et en le c\u00e2linant.<\/p>\n\n\n\n<p>Je peux \u00e9galement effectuer certains soins, dans la limite de mes comp\u00e9tences, tels que : vermifuger, appliquer un anti-parasitaire, administrer des traitements, r\u00e9aliser des piq\u00fbres d&rsquo;insuline, ou encore nettoyer les yeux et les oreilles de votre chat.<\/p>\n\n\n\n<p>En cas d&rsquo;urgence, je suis aussi disponible pour emmener votre compagnon chez le v\u00e9t\u00e9rinaire afin de lui assurer les soins n\u00e9cessaires. <br>Je suis form\u00e9e en premiers secours f\u00e9lin, ce qui me permet de r\u00e9agir rapidement et efficacement lors d&rsquo;urgences vitales et de pratiquer les gestes qui sauvent avant la visite v\u00e9t\u00e9rinaire.<\/p>\n<\/div>\n<\/div>\n\n\n\n<div style=\"height:30px\" aria-hidden=\"true\" class=\"wp-block-spacer\"><\/div>\n<\/div>\n<\/div>\n","protected":false},"excerpt":{"rendered":"<p>Vous vous absentez quelques heures ou quelques jours et vous n&rsquo;avez personne dans votre entourage pour s&rsquo;occuper de votre compagnon \u00e0 quatre pattes Vous recherchez une personne de confiance, avec des comp\u00e9tences et une connaissance suffisante du chat, de sa race et de ses besoins ?Je vous propose mes services de catsitting. Pourquoi faire garder &hellip; <\/p>\n<p class=\"link-more\"><a href=\"https:\/\/www.feelingfelin.be\/feelingfelin.be\/?page_id=117\" class=\"more-link\">Lire la suite de<span class=\"screen-reader-text\">\u00ab\u00a0Catsitting\u00a0\u00bb<\/span><\/a><\/p>\n","protected":false},"author":1,"featured_media":0,"parent":0,"menu_order":0,"comment_status":"closed","ping_status":"closed","template":"","meta":{"footnotes":""},"class_list":["post-117","page","type-page","status-publish","hentry"],"_links":{"self":[{"href":"https:\/\/www.feelingfelin.be\/feelingfelin.be\/index.php?rest_route=\/wp\/v2\/pages\/117","targetHints":{"allow":["GET"]}}],"collection":[{"href":"https:\/\/www.feelingfelin.be\/feelingfelin.be\/index.php?rest_route=\/wp\/v2\/pages"}],"about":[{"href":"https:\/\/www.feelingfelin.be\/feelingfelin.be\/index.php?rest_route=\/wp\/v2\/types\/page"}],"author":[{"embeddable":true,"href":"https:\/\/www.feelingfelin.be\/feelingfelin.be\/index.php?rest_route=\/wp\/v2\/users\/1"}],"replies":[{"embeddable":true,"href":"https:\/\/www.feelingfelin.be\/feelingfelin.be\/index.php?rest_route=%2Fwp%2Fv2%2Fcomments&post=117"}],"version-history":[{"count":9,"href":"https:\/\/www.feelingfelin.be\/feelingfelin.be\/index.php?rest_route=\/wp\/v2\/pages\/117\/revisions"}],"predecessor-version":[{"id":290,"href":"https:\/\/www.feelingfelin.be\/feelingfelin.be\/index.php?rest_route=\/wp\/v2\/pages\/117\/revisions\/290"}],"wp:attachment":[{"href":"https:\/\/www.feelingfelin.be\/feelingfelin.be\/index.php?rest_route=%2Fwp%2Fv2%2Fmedia&parent=117"}],"curies":[{"name":"wp","href":"https:\/\/api.w.org\/{rel}","templated":true}]}}