{"id":115,"date":"2025-03-06T15:33:17","date_gmt":"2025-03-06T14:33:17","guid":{"rendered":"https:\/\/www.feelingfelin.be\/feelingfelin.be\/?page_id=115"},"modified":"2025-12-22T19:31:52","modified_gmt":"2025-12-22T18:31:52","slug":"troubles-du-comportement","status":"publish","type":"page","link":"https:\/\/www.feelingfelin.be\/feelingfelin.be\/?page_id=115","title":{"rendered":"Troubles du comportement"},"content":{"rendered":"\n<details class=\"wp-block-details is-layout-flow wp-block-details-is-layout-flow\"><summary>Les troubles du comportement sont multiples et les raisons de ces troubles aussi. Il est important que toute cause m\u00e9dicale soit \u00e9cart\u00e9e avant de faire intervenir un-e comportementaliste.<\/summary>\n<p><\/p>\n<\/details>\n\n\n\n<h2 class=\"wp-block-heading\">Les diff\u00e9rents troubles pour lesquels je peux intervenir :<\/h2>\n\n\n\n<div class=\"wp-block-group has-global-padding is-layout-constrained wp-block-group-is-layout-constrained\"><\/div>\n\n\n\n<div class=\"wp-block-group is-nowrap is-layout-flex wp-container-core-group-is-layout-6c531013 wp-block-group-is-layout-flex\">\n<div class=\"wp-block-group has-global-padding is-layout-constrained wp-block-group-is-layout-constrained\">\n<div class=\"wp-block-columns is-layout-flex wp-container-core-columns-is-layout-28f84493 wp-block-columns-is-layout-flex\">\n<div class=\"wp-block-column is-layout-flow wp-block-column-is-layout-flow\">\n<figure class=\"wp-block-image aligncenter size-large is-resized\"><img loading=\"lazy\" decoding=\"async\" width=\"740\" height=\"740\" src=\"https:\/\/www.feelingfelin.be\/feelingfelin.be\/wp-content\/uploads\/2025\/03\/vue-dessus-accessoires-pour-animaux-compagnie_23-2150930445-edited-1.jpeg\" alt=\"\" class=\"wp-image-135\" style=\"width:273px;height:auto\" srcset=\"https:\/\/www.feelingfelin.be\/feelingfelin.be\/wp-content\/uploads\/2025\/03\/vue-dessus-accessoires-pour-animaux-compagnie_23-2150930445-edited-1.jpeg 740w, https:\/\/www.feelingfelin.be\/feelingfelin.be\/wp-content\/uploads\/2025\/03\/vue-dessus-accessoires-pour-animaux-compagnie_23-2150930445-edited-1-300x300.jpeg 300w, https:\/\/www.feelingfelin.be\/feelingfelin.be\/wp-content\/uploads\/2025\/03\/vue-dessus-accessoires-pour-animaux-compagnie_23-2150930445-edited-1-150x150.jpeg 150w\" sizes=\"auto, (max-width: 740px) 100vw, 740px\" \/><\/figure>\n\n\n\n<h3 class=\"wp-block-heading has-text-align-center has-black-color has-text-color has-medium-font-size\"><strong>Malpropret\u00e9<\/strong><\/h3>\n\n\n\n<p class=\"has-text-align-center has-text-color\" style=\"color:#7a7a7a\">Votre chat fait ses besoins en dehors <br>de son bac, juste \u00e0 c\u00f4t\u00e9 ou encore sur <br>le canap\u00e9, sur le lit&#8230;<br><br><\/p>\n\n\n\n<figure class=\"wp-block-image aligncenter size-full is-resized\"><img loading=\"lazy\" decoding=\"async\" width=\"740\" height=\"740\" src=\"https:\/\/www.feelingfelin.be\/feelingfelin.be\/wp-content\/uploads\/2025\/03\/chien-assis-interieur-apres-avoir-joue-plante_23-2149598072-edited.jpeg\" alt=\"\" class=\"wp-image-140\" style=\"width:273px;height:auto\" srcset=\"https:\/\/www.feelingfelin.be\/feelingfelin.be\/wp-content\/uploads\/2025\/03\/chien-assis-interieur-apres-avoir-joue-plante_23-2149598072-edited.jpeg 740w, https:\/\/www.feelingfelin.be\/feelingfelin.be\/wp-content\/uploads\/2025\/03\/chien-assis-interieur-apres-avoir-joue-plante_23-2149598072-edited-300x300.jpeg 300w, https:\/\/www.feelingfelin.be\/feelingfelin.be\/wp-content\/uploads\/2025\/03\/chien-assis-interieur-apres-avoir-joue-plante_23-2149598072-edited-150x150.jpeg 150w\" sizes=\"auto, (max-width: 740px) 100vw, 740px\" \/><\/figure>\n\n\n\n<h3 class=\"wp-block-heading has-text-align-center has-black-color has-text-color has-medium-font-size\">Destructions<\/h3>\n\n\n\n<p class=\"has-text-align-center has-text-color\" style=\"color:#7a7a7a\">Votre chat fait ses griffes sur vos chaises, sur le nouveau canap\u00e9 ou fait tomber vos bibelots.<\/p>\n\n\n\n<figure class=\"wp-block-image aligncenter size-full is-resized\"><img loading=\"lazy\" decoding=\"async\" width=\"740\" height=\"740\" src=\"https:\/\/www.feelingfelin.be\/feelingfelin.be\/wp-content\/uploads\/2025\/03\/adorable-minou-qui-air-vouloir-chasser_23-2149167044-edited.jpeg\" alt=\"\" class=\"wp-image-153\" style=\"width:273px;height:auto\" srcset=\"https:\/\/www.feelingfelin.be\/feelingfelin.be\/wp-content\/uploads\/2025\/03\/adorable-minou-qui-air-vouloir-chasser_23-2149167044-edited.jpeg 740w, https:\/\/www.feelingfelin.be\/feelingfelin.be\/wp-content\/uploads\/2025\/03\/adorable-minou-qui-air-vouloir-chasser_23-2149167044-edited-300x300.jpeg 300w, https:\/\/www.feelingfelin.be\/feelingfelin.be\/wp-content\/uploads\/2025\/03\/adorable-minou-qui-air-vouloir-chasser_23-2149167044-edited-150x150.jpeg 150w\" sizes=\"auto, (max-width: 740px) 100vw, 740px\" \/><\/figure>\n\n\n\n<h3 class=\"wp-block-heading has-text-align-center has-black-color has-text-color has-medium-font-size\">Peurs et phobies<\/h3>\n\n\n\n<p class=\"has-text-align-center has-text-color\" style=\"color:#7a7a7a\">Votre chat fuit lorsqu&rsquo;il entend la sonnette, ne supporte pas les visiteurs ou se cache au moindre bruit.<\/p>\n<\/div>\n\n\n\n<div class=\"wp-block-column is-layout-flow wp-block-column-is-layout-flow\">\n<figure class=\"wp-block-image aligncenter size-full is-resized\"><img loading=\"lazy\" decoding=\"async\" width=\"664\" height=\"664\" src=\"https:\/\/www.feelingfelin.be\/feelingfelin.be\/wp-content\/uploads\/2025\/03\/chat-roux-se-dresse-marches-regarde-dans-camera-rues-ville-lindos-ile-rhodes-iles-grecques-archipel-du-dodecanese-vacances-voyages-autour-iles_166373-3863-edited.jpeg\" alt=\"\" class=\"wp-image-131\" style=\"width:273px;height:auto\" srcset=\"https:\/\/www.feelingfelin.be\/feelingfelin.be\/wp-content\/uploads\/2025\/03\/chat-roux-se-dresse-marches-regarde-dans-camera-rues-ville-lindos-ile-rhodes-iles-grecques-archipel-du-dodecanese-vacances-voyages-autour-iles_166373-3863-edited.jpeg 664w, https:\/\/www.feelingfelin.be\/feelingfelin.be\/wp-content\/uploads\/2025\/03\/chat-roux-se-dresse-marches-regarde-dans-camera-rues-ville-lindos-ile-rhodes-iles-grecques-archipel-du-dodecanese-vacances-voyages-autour-iles_166373-3863-edited-300x300.jpeg 300w, https:\/\/www.feelingfelin.be\/feelingfelin.be\/wp-content\/uploads\/2025\/03\/chat-roux-se-dresse-marches-regarde-dans-camera-rues-ville-lindos-ile-rhodes-iles-grecques-archipel-du-dodecanese-vacances-voyages-autour-iles_166373-3863-edited-150x150.jpeg 150w\" sizes=\"auto, (max-width: 664px) 100vw, 664px\" \/><\/figure>\n\n\n\n<h3 class=\"wp-block-heading has-text-align-center has-black-color has-text-color has-medium-font-size\">Marquage urinaire<\/h3>\n\n\n\n<p class=\"has-text-align-center has-text-color\" style=\"color:#7a7a7a\">Votre chat d\u00e9pose un jet d&rsquo;urine sur un mur, <br>un meuble ou toute autre surface verticale.<br><br><br><\/p>\n\n\n\n<figure class=\"wp-block-image aligncenter size-full is-resized\"><img loading=\"lazy\" decoding=\"async\" width=\"664\" height=\"664\" src=\"https:\/\/www.feelingfelin.be\/feelingfelin.be\/wp-content\/uploads\/2025\/03\/gros-plan-beau-chat_23-2149216316-edited.jpeg\" alt=\"\" class=\"wp-image-144\" style=\"width:274px;height:auto\" srcset=\"https:\/\/www.feelingfelin.be\/feelingfelin.be\/wp-content\/uploads\/2025\/03\/gros-plan-beau-chat_23-2149216316-edited.jpeg 664w, https:\/\/www.feelingfelin.be\/feelingfelin.be\/wp-content\/uploads\/2025\/03\/gros-plan-beau-chat_23-2149216316-edited-300x300.jpeg 300w, https:\/\/www.feelingfelin.be\/feelingfelin.be\/wp-content\/uploads\/2025\/03\/gros-plan-beau-chat_23-2149216316-edited-150x150.jpeg 150w\" sizes=\"auto, (max-width: 664px) 100vw, 664px\" \/><\/figure>\n\n\n\n<h3 class=\"wp-block-heading has-text-align-center has-black-color has-text-color has-medium-font-size\">Stress et anxi\u00e9t\u00e9<\/h3>\n\n\n\n<p class=\"has-text-align-center has-text-color\" style=\"color:#7a7a7a\">Votre chat pr\u00e9sente des signes de stress,<br>fuit, a chang\u00e9 de comportement, miaule plus<br>qu&rsquo;avant,&#8230;<\/p>\n\n\n\n<figure class=\"wp-block-image aligncenter size-full is-resized\"><img loading=\"lazy\" decoding=\"async\" width=\"664\" height=\"664\" src=\"https:\/\/www.feelingfelin.be\/feelingfelin.be\/wp-content\/uploads\/2025\/03\/beau-chat-tigre-gris-yeux-jaunes-se-dresse-sol-blanc_8353-7260-1-edited.jpeg\" alt=\"\" class=\"wp-image-156\" style=\"width:274px;height:auto\" srcset=\"https:\/\/www.feelingfelin.be\/feelingfelin.be\/wp-content\/uploads\/2025\/03\/beau-chat-tigre-gris-yeux-jaunes-se-dresse-sol-blanc_8353-7260-1-edited.jpeg 664w, https:\/\/www.feelingfelin.be\/feelingfelin.be\/wp-content\/uploads\/2025\/03\/beau-chat-tigre-gris-yeux-jaunes-se-dresse-sol-blanc_8353-7260-1-edited-300x300.jpeg 300w, https:\/\/www.feelingfelin.be\/feelingfelin.be\/wp-content\/uploads\/2025\/03\/beau-chat-tigre-gris-yeux-jaunes-se-dresse-sol-blanc_8353-7260-1-edited-150x150.jpeg 150w\" sizes=\"auto, (max-width: 664px) 100vw, 664px\" \/><\/figure>\n\n\n\n<h3 class=\"wp-block-heading has-text-align-center has-black-color has-text-color has-medium-font-size\">Miaulements excessifs<\/h3>\n\n\n\n<p class=\"has-text-align-center has-text-color\" style=\"color:#7a7a7a\">Une vraie chorale s&rsquo;est install\u00e9e chez vous. Minou miaule jour et nuit et vous emp\u00eache parfois de dormir et de faire votre r\u00e9union en visio.<\/p>\n<\/div>\n\n\n\n<div class=\"wp-block-column is-layout-flow wp-block-column-is-layout-flow\">\n<figure class=\"wp-block-image aligncenter size-full is-resized\"><img loading=\"lazy\" decoding=\"async\" width=\"664\" height=\"664\" src=\"https:\/\/www.feelingfelin.be\/feelingfelin.be\/wp-content\/uploads\/2025\/03\/portrait-adorable-chat-domestique-mordant-doigt-son-proprietaire_23-2149167133-edited.jpeg\" alt=\"\" class=\"wp-image-137\" style=\"width:279px;height:auto\" srcset=\"https:\/\/www.feelingfelin.be\/feelingfelin.be\/wp-content\/uploads\/2025\/03\/portrait-adorable-chat-domestique-mordant-doigt-son-proprietaire_23-2149167133-edited.jpeg 664w, https:\/\/www.feelingfelin.be\/feelingfelin.be\/wp-content\/uploads\/2025\/03\/portrait-adorable-chat-domestique-mordant-doigt-son-proprietaire_23-2149167133-edited-300x300.jpeg 300w, https:\/\/www.feelingfelin.be\/feelingfelin.be\/wp-content\/uploads\/2025\/03\/portrait-adorable-chat-domestique-mordant-doigt-son-proprietaire_23-2149167133-edited-150x150.jpeg 150w\" sizes=\"auto, (max-width: 664px) 100vw, 664px\" \/><\/figure>\n\n\n\n<h3 class=\"wp-block-heading has-text-align-center has-black-color has-text-color has-medium-font-size\">Agressivit\u00e9<\/h3>\n\n\n\n<p class=\"has-text-align-center has-text-color\" style=\"color:#7a7a7a\">Vos chats se bagarrent, il vous mord quand vous le caressez ou il attaque vos pieds lorsque vous passez devant lui ou encore, ne se laisse pas toiletter.<br><\/p>\n\n\n\n<figure class=\"wp-block-image aligncenter size-full is-resized\"><img loading=\"lazy\" decoding=\"async\" width=\"633\" height=\"633\" src=\"https:\/\/www.feelingfelin.be\/feelingfelin.be\/wp-content\/uploads\/2025\/03\/adorable-chat-noir-aux-yeux-verts-assis-lit_181624-35014-edited.jpeg\" alt=\"\" class=\"wp-image-146\" style=\"width:267px;height:auto\" srcset=\"https:\/\/www.feelingfelin.be\/feelingfelin.be\/wp-content\/uploads\/2025\/03\/adorable-chat-noir-aux-yeux-verts-assis-lit_181624-35014-edited.jpeg 633w, https:\/\/www.feelingfelin.be\/feelingfelin.be\/wp-content\/uploads\/2025\/03\/adorable-chat-noir-aux-yeux-verts-assis-lit_181624-35014-edited-300x300.jpeg 300w, https:\/\/www.feelingfelin.be\/feelingfelin.be\/wp-content\/uploads\/2025\/03\/adorable-chat-noir-aux-yeux-verts-assis-lit_181624-35014-edited-150x150.jpeg 150w\" sizes=\"auto, (max-width: 633px) 100vw, 633px\" \/><\/figure>\n\n\n\n<h3 class=\"wp-block-heading has-text-align-center has-black-color has-text-color has-medium-font-size\">D\u00e9pression<\/h3>\n\n\n\n<p class=\"has-text-align-center has-text-color\" style=\"color:#7a7a7a\">Votre chat a perdu l&rsquo;app\u00e9tit, s&rsquo;isole, dort<br>beaucoup ou ne se toilette plus.<br><br><\/p>\n\n\n\n<figure class=\"wp-block-image aligncenter size-full is-resized\"><img loading=\"lazy\" decoding=\"async\" width=\"740\" height=\"740\" src=\"https:\/\/www.feelingfelin.be\/feelingfelin.be\/wp-content\/uploads\/2025\/03\/fermer-portrait-beau-chat-depouille-reposant-couverture-zebree_343596-396-edited.jpeg\" alt=\"\" class=\"wp-image-159\" style=\"width:267px;height:auto\" srcset=\"https:\/\/www.feelingfelin.be\/feelingfelin.be\/wp-content\/uploads\/2025\/03\/fermer-portrait-beau-chat-depouille-reposant-couverture-zebree_343596-396-edited.jpeg 740w, https:\/\/www.feelingfelin.be\/feelingfelin.be\/wp-content\/uploads\/2025\/03\/fermer-portrait-beau-chat-depouille-reposant-couverture-zebree_343596-396-edited-300x300.jpeg 300w, https:\/\/www.feelingfelin.be\/feelingfelin.be\/wp-content\/uploads\/2025\/03\/fermer-portrait-beau-chat-depouille-reposant-couverture-zebree_343596-396-edited-150x150.jpeg 150w\" sizes=\"auto, (max-width: 740px) 100vw, 740px\" \/><\/figure>\n\n\n\n<h3 class=\"wp-block-heading has-text-align-center has-black-color has-text-color has-medium-font-size\">Automutilations<\/h3>\n\n\n\n<p class=\"has-text-align-center has-text-color\" style=\"color:#7a7a7a\">Grattage \u00e0 sang, l\u00e9chage intensif au point de lui faire perdre des poils ou de se blesser.<br><\/p>\n<\/div>\n<\/div>\n\n\n\n<div style=\"height:100px\" aria-hidden=\"true\" class=\"wp-block-spacer\"><\/div>\n\n\n\n<div class=\"wp-block-buttons is-content-justification-center is-layout-flex wp-container-core-buttons-is-layout-a89b3969 wp-block-buttons-is-layout-flex\">\n<div class=\"wp-block-button\"><a class=\"wp-block-button__link wp-element-button\" href=\"https:\/\/zcal.co\/feelingfelin\">Prendre rendez-vous<\/a><\/div>\n<\/div>\n\n\n\n<div style=\"height:100px\" aria-hidden=\"true\" class=\"wp-block-spacer\"><\/div>\n<\/div>\n<\/div>\n\n\n\n<p><\/p>\n","protected":false},"excerpt":{"rendered":"<p>Les diff\u00e9rents troubles pour lesquels je peux intervenir : Malpropret\u00e9 Votre chat fait ses besoins en dehors de son bac, juste \u00e0 c\u00f4t\u00e9 ou encore sur le canap\u00e9, sur le lit&#8230; Destructions Votre chat fait ses griffes sur vos chaises, sur le nouveau canap\u00e9 ou fait tomber vos bibelots. Peurs et phobies Votre chat fuit &hellip; <\/p>\n<p class=\"link-more\"><a href=\"https:\/\/www.feelingfelin.be\/feelingfelin.be\/?page_id=115\" class=\"more-link\">Lire la suite de<span class=\"screen-reader-text\">\u00ab\u00a0Troubles du comportement\u00a0\u00bb<\/span><\/a><\/p>\n","protected":false},"author":1,"featured_media":0,"parent":0,"menu_order":0,"comment_status":"closed","ping_status":"closed","template":"","meta":{"footnotes":""},"class_list":["post-115","page","type-page","status-publish","hentry"],"_links":{"self":[{"href":"https:\/\/www.feelingfelin.be\/feelingfelin.be\/index.php?rest_route=\/wp\/v2\/pages\/115","targetHints":{"allow":["GET"]}}],"collection":[{"href":"https:\/\/www.feelingfelin.be\/feelingfelin.be\/index.php?rest_route=\/wp\/v2\/pages"}],"about":[{"href":"https:\/\/www.feelingfelin.be\/feelingfelin.be\/index.php?rest_route=\/wp\/v2\/types\/page"}],"author":[{"embeddable":true,"href":"https:\/\/www.feelingfelin.be\/feelingfelin.be\/index.php?rest_route=\/wp\/v2\/users\/1"}],"replies":[{"embeddable":true,"href":"https:\/\/www.feelingfelin.be\/feelingfelin.be\/index.php?rest_route=%2Fwp%2Fv2%2Fcomments&post=115"}],"version-history":[{"count":19,"href":"https:\/\/www.feelingfelin.be\/feelingfelin.be\/index.php?rest_route=\/wp\/v2\/pages\/115\/revisions"}],"predecessor-version":[{"id":274,"href":"https:\/\/www.feelingfelin.be\/feelingfelin.be\/index.php?rest_route=\/wp\/v2\/pages\/115\/revisions\/274"}],"wp:attachment":[{"href":"https:\/\/www.feelingfelin.be\/feelingfelin.be\/index.php?rest_route=%2Fwp%2Fv2%2Fmedia&parent=115"}],"curies":[{"name":"wp","href":"https:\/\/api.w.org\/{rel}","templated":true}]}}