{"id":10,"date":"2025-03-05T15:59:49","date_gmt":"2025-03-05T14:59:49","guid":{"rendered":"https:\/\/www.feelingfelin.be\/feelingfelin.be\/?page_id=10"},"modified":"2026-03-27T13:45:21","modified_gmt":"2026-03-27T12:45:21","slug":"blog","status":"publish","type":"page","link":"https:\/\/www.feelingfelin.be\/feelingfelin.be\/?page_id=10","title":{"rendered":"Services et Tarifs"},"content":{"rendered":"\n<div class=\"wp-block-group alignfull has-global-padding is-layout-constrained wp-block-group-is-layout-constrained\" style=\"margin-top:0px\">\n<div style=\"height:100px\" aria-hidden=\"true\" class=\"wp-block-spacer\"><\/div>\n\n\n\n<h2 class=\"wp-block-heading has-text-align-left has-x-large-font-size\" id=\"pricing-table\">Tarifs<\/h2>\n\n\n\n<p class=\"has-text-align-center\"><\/p>\n\n\n\n<div class=\"wp-block-columns has-smaller-left-margin is-layout-flex wp-container-core-columns-is-layout-28f84493 wp-block-columns-is-layout-flex\">\n<div class=\"wp-block-column is-style-shadow has-background-background-color has-background is-layout-flow wp-container-core-column-is-layout-dba16a7e wp-block-column-is-layout-flow\" style=\"padding-top:0;padding-right:0;padding-bottom:0;padding-left:0\">\n<div class=\"wp-block-group has-background-color has-primary-background-color has-text-color has-background has-global-padding is-layout-constrained wp-container-core-group-is-layout-4a803732 wp-block-group-is-layout-constrained\" style=\"border-top-left-radius:20px;border-top-right-radius:20px;padding-top:20px;padding-right:30px;padding-bottom:20px;padding-left:30px\">\n<div style=\"height:20px\" aria-hidden=\"true\" class=\"wp-block-spacer\"><\/div>\n\n\n\n<h3 class=\"wp-block-heading has-text-align-center has-white-color has-text-color\" style=\"font-size:clamp(18.959px, 1.185rem + ((1vw - 3.2px) * 0.977), 30px);\">Consultation troubles du comportement<\/h3>\n\n\n\n<h3 class=\"wp-block-heading has-text-align-center has-text-color\" style=\"color:#ffffff99\">60<strong>\u20ac<\/strong><\/h3>\n\n\n\n<div style=\"height:20px\" aria-hidden=\"true\" class=\"wp-block-spacer\"><\/div>\n<\/div>\n\n\n\n<div class=\"wp-block-group is-layout-flow wp-container-core-group-is-layout-8a7de2ab wp-block-group-is-layout-flow\" style=\"border-style:none;border-width:0px;padding-top:40px;padding-right:40px;padding-bottom:40px;padding-left:40px\">\n<p class=\"has-text-align-center has-small-font-size\">60 euros<\/p>\n\n\n\n<hr class=\"wp-block-separator has-text-color has-lightgrey-color has-alpha-channel-opacity has-lightgrey-background-color has-background is-style-wide\"\/>\n\n\n\n<p class=\"has-text-align-center has-small-font-size\">Dur\u00e9e : 1 heure<\/p>\n\n\n\n<hr class=\"wp-block-separator has-text-color has-lightgrey-color has-alpha-channel-opacity has-lightgrey-background-color has-background is-style-wide\"\/>\n\n\n\n<p class=\"has-text-align-center has-small-font-size\">Chez vous ou en visio<\/p>\n\n\n\n<hr class=\"wp-block-separator has-text-color has-lightgrey-color has-alpha-channel-opacity has-lightgrey-background-color has-background is-style-wide\"\/>\n\n\n\n<p class=\"has-text-align-center has-small-font-size\">Frais de d\u00e9placement \u00e0 pr\u00e9voir si hors du grand Li\u00e8ge.<\/p>\n\n\n\n<hr class=\"wp-block-separator has-text-color has-lightgrey-color has-alpha-channel-opacity has-lightgrey-background-color has-background is-style-wide\"\/>\n\n\n\n<p class=\"has-text-align-center has-small-font-size\"><\/p>\n\n\n\n<div class=\"wp-block-buttons is-horizontal is-content-justification-center is-layout-flex wp-container-core-buttons-is-layout-a27650bb wp-block-buttons-is-layout-flex\" style=\"margin-top:40px\">\n<div class=\"wp-block-button\"><a class=\"wp-block-button__link wp-element-button\" href=\"https:\/\/zcal.co\/feelingfelin\" style=\"border-radius:5px\">Prendre rendez-vous<\/a><\/div>\n<\/div>\n<\/div>\n<\/div>\n\n\n\n<div class=\"wp-block-column is-style-shadow has-background-background-color has-background is-layout-flow wp-container-core-column-is-layout-dba16a7e wp-block-column-is-layout-flow\" style=\"border-style:none;border-width:0px;padding-top:0;padding-right:0;padding-bottom:0;padding-left:0\">\n<div class=\"wp-block-group has-background-color has-primary-background-color has-text-color has-background has-global-padding is-layout-constrained wp-container-core-group-is-layout-4a803732 wp-block-group-is-layout-constrained\" style=\"border-top-left-radius:20px;border-top-right-radius:20px;padding-top:20px;padding-right:30px;padding-bottom:20px;padding-left:30px\">\n<div style=\"height:20px\" aria-hidden=\"true\" class=\"wp-block-spacer\"><\/div>\n\n\n\n<h3 class=\"wp-block-heading has-text-align-center has-white-color has-text-color\" style=\"font-size:clamp(18.959px, 1.185rem + ((1vw - 3.2px) * 0.977), 30px);\">Catsitting<\/h3>\n\n\n\n<h3 class=\"wp-block-heading has-text-align-center has-text-color\" style=\"color:#ffffff99\">15<strong>\u20ac<\/strong><\/h3>\n\n\n\n<div style=\"height:20px\" aria-hidden=\"true\" class=\"wp-block-spacer\"><\/div>\n<\/div>\n\n\n\n<div class=\"wp-block-group has-global-padding is-layout-constrained wp-container-core-group-is-layout-c1694ee5 wp-block-group-is-layout-constrained\" style=\"border-style:none;border-width:0px;padding-top:40px;padding-right:40px;padding-bottom:40px;padding-left:40px\">\n<p class=\"has-text-align-center has-small-font-size\">15 euros pour 1 visite par jour<\/p>\n\n\n\n<hr class=\"wp-block-separator has-text-color has-lightgrey-color has-alpha-channel-opacity has-lightgrey-background-color has-background is-style-wide\"\/>\n\n\n\n<p class=\"has-text-align-center has-small-font-size\">30 euros pour 2 visites par jour<\/p>\n\n\n\n<hr class=\"wp-block-separator has-text-color has-lightgrey-color has-alpha-channel-opacity has-lightgrey-background-color has-background is-style-wide\"\/>\n\n\n\n<p class=\"has-text-align-center has-small-font-size\"><\/p>\n\n\n\n<hr class=\"wp-block-separator has-text-color has-lightgrey-color has-alpha-channel-opacity has-lightgrey-background-color has-background is-style-wide\"\/>\n\n\n\n<p class=\"has-text-align-center has-small-font-size\">Frais de d\u00e9placement de 0,50 centimes par kilom\u00e8tre. Les 20 premiers kms aller-retour sont offerts !<\/p>\n\n\n\n<div class=\"wp-block-buttons is-horizontal is-content-justification-center is-layout-flex wp-container-core-buttons-is-layout-a27650bb wp-block-buttons-is-layout-flex\" style=\"margin-top:40px\">\n<div class=\"wp-block-button\"><a class=\"wp-block-button__link wp-element-button\" href=\"https:\/\/zcal.co\/feelingfelin\" style=\"border-radius:5px\">Prendre rendez-vous<\/a><\/div>\n<\/div>\n<\/div>\n<\/div>\n\n\n\n<div class=\"wp-block-column is-style-shadow has-background-background-color has-background is-layout-flow wp-container-core-column-is-layout-dba16a7e wp-block-column-is-layout-flow\" style=\"border-style:none;border-width:0px;padding-top:0;padding-right:0;padding-bottom:0;padding-left:0\">\n<div class=\"wp-block-group has-background-color has-primary-background-color has-text-color has-background has-global-padding is-layout-constrained wp-container-core-group-is-layout-4a803732 wp-block-group-is-layout-constrained\" style=\"border-top-left-radius:20px;border-top-right-radius:20px;padding-top:20px;padding-right:30px;padding-bottom:20px;padding-left:30px\">\n<div style=\"height:20px\" aria-hidden=\"true\" class=\"wp-block-spacer\"><\/div>\n\n\n\n<h3 class=\"wp-block-heading has-text-align-center has-white-color has-text-color\" style=\"font-size:clamp(18.959px, 1.185rem + ((1vw - 3.2px) * 0.977), 30px);\">Consultation pr\u00e9paration aux changements, adoption<\/h3>\n\n\n\n<h3 class=\"wp-block-heading has-text-align-center has-text-color\" style=\"color:#ffffff99\">60<strong>\u20ac<\/strong><\/h3>\n\n\n\n<div style=\"height:20px\" aria-hidden=\"true\" class=\"wp-block-spacer\"><\/div>\n<\/div>\n\n\n\n<div class=\"wp-block-group has-global-padding is-layout-constrained wp-container-core-group-is-layout-c1694ee5 wp-block-group-is-layout-constrained\" style=\"border-style:none;border-width:0px;padding-top:40px;padding-right:40px;padding-bottom:40px;padding-left:40px\">\n<p class=\"has-text-align-center has-small-font-size\">60 euros<\/p>\n\n\n\n<hr class=\"wp-block-separator has-text-color has-lightgrey-color has-alpha-channel-opacity has-lightgrey-background-color has-background is-style-wide\"\/>\n\n\n\n<p class=\"has-text-align-center has-small-font-size\">Dur\u00e9e : 1 heure<\/p>\n\n\n\n<hr class=\"wp-block-separator has-text-color has-lightgrey-color has-alpha-channel-opacity has-lightgrey-background-color has-background is-style-wide\"\/>\n\n\n\n<p class=\"has-text-align-center has-small-font-size\">Chez vous ou en visio<\/p>\n\n\n\n<hr class=\"wp-block-separator has-text-color has-lightgrey-color has-alpha-channel-opacity has-lightgrey-background-color has-background is-style-wide\"\/>\n\n\n\n<p class=\"has-text-align-center has-small-font-size\">Frais de d\u00e9placement \u00e0 pr\u00e9voir si hors du grand Li\u00e8ge.<\/p>\n\n\n\n<hr class=\"wp-block-separator has-text-color has-lightgrey-color has-alpha-channel-opacity has-lightgrey-background-color has-background is-style-wide\"\/>\n\n\n\n<p class=\"has-text-align-center has-small-font-size\"><\/p>\n\n\n\n<div class=\"wp-block-buttons is-horizontal is-content-justification-center is-layout-flex wp-container-core-buttons-is-layout-a27650bb wp-block-buttons-is-layout-flex\" style=\"margin-top:40px\">\n<div class=\"wp-block-button\"><a class=\"wp-block-button__link wp-element-button\" href=\"https:\/\/zcal.co\/feelingfelin\" style=\"border-radius:5px\">Prendre rendez-vous<\/a><\/div>\n<\/div>\n<\/div>\n<\/div>\n<\/div>\n\n\n\n<div style=\"height:100px\" aria-hidden=\"true\" class=\"wp-block-spacer\"><\/div>\n<\/div>\n","protected":false},"excerpt":{"rendered":"<p>Tarifs Consultation troubles du comportement 60\u20ac 60 euros Dur\u00e9e : 1 heure Chez vous ou en visio Frais de d\u00e9placement \u00e0 pr\u00e9voir si hors du grand Li\u00e8ge. Catsitting 15\u20ac 15 euros pour 1 visite par jour 30 euros pour 2 visites par jour Frais de d\u00e9placement de 0,50 centimes par kilom\u00e8tre. Les 20 premiers kms &hellip; <\/p>\n<p class=\"link-more\"><a href=\"https:\/\/www.feelingfelin.be\/feelingfelin.be\/?page_id=10\" class=\"more-link\">Lire la suite de<span class=\"screen-reader-text\">\u00ab\u00a0Services et Tarifs\u00a0\u00bb<\/span><\/a><\/p>\n","protected":false},"author":1,"featured_media":0,"parent":0,"menu_order":0,"comment_status":"closed","ping_status":"closed","template":"","meta":{"footnotes":""},"class_list":["post-10","page","type-page","status-publish","hentry"],"_links":{"self":[{"href":"https:\/\/www.feelingfelin.be\/feelingfelin.be\/index.php?rest_route=\/wp\/v2\/pages\/10","targetHints":{"allow":["GET"]}}],"collection":[{"href":"https:\/\/www.feelingfelin.be\/feelingfelin.be\/index.php?rest_route=\/wp\/v2\/pages"}],"about":[{"href":"https:\/\/www.feelingfelin.be\/feelingfelin.be\/index.php?rest_route=\/wp\/v2\/types\/page"}],"author":[{"embeddable":true,"href":"https:\/\/www.feelingfelin.be\/feelingfelin.be\/index.php?rest_route=\/wp\/v2\/users\/1"}],"replies":[{"embeddable":true,"href":"https:\/\/www.feelingfelin.be\/feelingfelin.be\/index.php?rest_route=%2Fwp%2Fv2%2Fcomments&post=10"}],"version-history":[{"count":12,"href":"https:\/\/www.feelingfelin.be\/feelingfelin.be\/index.php?rest_route=\/wp\/v2\/pages\/10\/revisions"}],"predecessor-version":[{"id":288,"href":"https:\/\/www.feelingfelin.be\/feelingfelin.be\/index.php?rest_route=\/wp\/v2\/pages\/10\/revisions\/288"}],"wp:attachment":[{"href":"https:\/\/www.feelingfelin.be\/feelingfelin.be\/index.php?rest_route=%2Fwp%2Fv2%2Fmedia&parent=10"}],"curies":[{"name":"wp","href":"https:\/\/api.w.org\/{rel}","templated":true}]}}